{"id":8024,"date":"2024-03-16T11:06:34","date_gmt":"2024-03-16T11:06:34","guid":{"rendered":"https:\/\/www.zelazkow.pl\/?page_id=8024"},"modified":"2025-07-14T06:53:25","modified_gmt":"2025-07-14T06:53:25","slug":"projekty-pozostale","status":"publish","type":"page","link":"https:\/\/www.zelazkow.pl\/?page_id=8024","title":{"rendered":"Projekty pozosta\u0142e"},"content":{"rendered":"<p>&nbsp;<\/p>\n<hr \/>\n<p style=\"text-align: right;\">2025.04.29<\/p>\n<p><img fetchpriority=\"high\" decoding=\"async\" class=\"aligncenter size-full wp-image-8028\" src=\"https:\/\/www.zelazkow.pl\/wp-content\/uploads\/2024\/05\/logo-e1716462934547.jpg\" alt=\"logo\" width=\"501\" height=\"188\" \/><\/p>\n<p>W dniu 29.04.2025 r. Gmina \u017belazk\u00f3w podpisa\u0142a umow\u0119 dotycz\u0105c\u0105 udzielenia pomocy finansowej ze \u015brodk\u00f3w bud\u017cetu Wojew\u00f3dztwa Wielkopolskiego, przeznaczonej na prace zwi\u0105zane z ochron\u0105, rekultywacj\u0105 i popraw\u0105 jako\u015bci grunt\u00f3w rolnych w roku 2025.<\/p>\n<p>Dotacja celowa w kwocie 101 000 z\u0142 zostanie przeznaczona na budow\u0119 drogi dojazdowej do grunt\u00f3w rolnych w miejscowo\u015bci Jank\u00f3w.<\/p>\n<p>&nbsp;<\/p>\n<hr \/>\n<p style=\"text-align: right;\">2024.07.26<\/p>\n<p style=\"text-align: right;\"><img fetchpriority=\"high\" decoding=\"async\" class=\"aligncenter size-full wp-image-8028\" src=\"https:\/\/www.zelazkow.pl\/wp-content\/uploads\/2024\/05\/logo-e1716462934547.jpg\" alt=\"logo\" width=\"501\" height=\"188\" \/><\/p>\n<p>W dniu 26.07.2024 r. Gmina \u017belazk\u00f3w podpisa\u0142a umow\u0119 dotycz\u0105c\u0105 udzielenia pomocy finansowej ze \u015brodk\u00f3w bud\u017cetu Wojew\u00f3dztwa Wielkopolskiego, przeznaczonej na prace zwi\u0105zane z ochron\u0105, rekultywacj\u0105 i popraw\u0105 jako\u015bci grunt\u00f3w rolnych w roku 2024<\/p>\n<p>Dotacja celowa w kwocie 63 750 z\u0142 zostanie przeznaczona na przebudow\u0119 drogi dojazdowej do grunt\u00f3w rolnych w miejscowo\u015bci Skarszew.<\/p>\n<p>&nbsp;<\/p>\n<hr \/>\n<p style=\"text-align: right;\">2024.03.16<\/p>\n<p><img fetchpriority=\"high\" decoding=\"async\" class=\"aligncenter size-full wp-image-8028\" src=\"https:\/\/www.zelazkow.pl\/wp-content\/uploads\/2024\/05\/logo-e1716462934547.jpg\" alt=\"logo\" width=\"501\" height=\"188\" \/><\/p>\n<p>W dniu 15.03.2024 r. Gmina \u017belazk\u00f3w podpisa\u0142a umow\u0119 dotycz\u0105c\u0105 udzielenia pomocy finansowej ze \u015brodk\u00f3w bud\u017cetu Wojew\u00f3dztwa Wielkopolskiego, przeznaczonej na prace zwi\u0105zane z ochron\u0105, rekultywacj\u0105 i popraw\u0105 jako\u015bci grunt\u00f3w rolnych w roku 2024<\/p>\n<p>Dotacja celowa w kwocie 99 000 z\u0142 zostanie przeznaczona na przebudow\u0119 drogi dojazdowej do grunt\u00f3w rolnych w miejscowo\u015bci Zbor\u00f3w.<\/p>\n<p>&nbsp;<\/p>\n<hr \/>\n","protected":false},"excerpt":{"rendered":"<p>&nbsp; 2025.04.29 W dniu 29.04.2025 r. Gmina \u017belazk\u00f3w podpisa\u0142a umow\u0119 dotycz\u0105c\u0105 udzielenia pomocy finansowej ze \u015brodk\u00f3w bud\u017cetu Wojew\u00f3dztwa Wielkopolskiego, przeznaczonej na prace zwi\u0105zane z ochron\u0105, rekultywacj\u0105 i popraw\u0105 jako\u015bci grunt\u00f3w rolnych w roku 2025. Dotacja celowa w kwocie 101 000 z\u0142 zostanie przeznaczona na budow\u0119 drogi dojazdowej do grunt\u00f3w rolnych w miejscowo\u015bci Jank\u00f3w. &nbsp; 2024.07.26 [&hellip;]<\/p>\n","protected":false},"author":6,"featured_media":0,"parent":0,"menu_order":0,"comment_status":"closed","ping_status":"closed","template":"","meta":{"footnotes":""},"folder":[],"_links":{"self":[{"href":"https:\/\/www.zelazkow.pl\/index.php?rest_route=\/wp\/v2\/pages\/8024"}],"collection":[{"href":"https:\/\/www.zelazkow.pl\/index.php?rest_route=\/wp\/v2\/pages"}],"about":[{"href":"https:\/\/www.zelazkow.pl\/index.php?rest_route=\/wp\/v2\/types\/page"}],"author":[{"embeddable":true,"href":"https:\/\/www.zelazkow.pl\/index.php?rest_route=\/wp\/v2\/users\/6"}],"replies":[{"embeddable":true,"href":"https:\/\/www.zelazkow.pl\/index.php?rest_route=%2Fwp%2Fv2%2Fcomments&post=8024"}],"version-history":[{"count":7,"href":"https:\/\/www.zelazkow.pl\/index.php?rest_route=\/wp\/v2\/pages\/8024\/revisions"}],"predecessor-version":[{"id":10086,"href":"https:\/\/www.zelazkow.pl\/index.php?rest_route=\/wp\/v2\/pages\/8024\/revisions\/10086"}],"wp:attachment":[{"href":"https:\/\/www.zelazkow.pl\/index.php?rest_route=%2Fwp%2Fv2%2Fmedia&parent=8024"}],"wp:term":[{"taxonomy":"folder","embeddable":true,"href":"https:\/\/www.zelazkow.pl\/index.php?rest_route=%2Fwp%2Fv2%2Ffolder&post=8024"}],"curies":[{"name":"wp","href":"https:\/\/api.w.org\/{rel}","templated":true}]}}