{"id":7325,"date":"2024-02-07T12:43:31","date_gmt":"2024-02-07T12:43:31","guid":{"rendered":"https:\/\/www.zelazkow.pl\/?page_id=7325"},"modified":"2024-02-15T13:46:34","modified_gmt":"2024-02-15T13:46:34","slug":"eco-harmonogram","status":"publish","type":"page","link":"https:\/\/www.zelazkow.pl\/?page_id=7325","title":{"rendered":"Eco Harmonogram"},"content":{"rendered":"\t\t<div data-elementor-type=\"wp-page\" data-elementor-id=\"7325\" class=\"elementor elementor-7325\">\n\t\t\t\t\t\t\t\t\t<section class=\"elementor-section elementor-top-section elementor-element elementor-element-3c32b255 elementor-section-boxed elementor-section-height-default elementor-section-height-default\" data-id=\"3c32b255\" data-element_type=\"section\" data-settings=\"{&quot;jet_parallax_layout_list&quot;:[]}\">\n\t\t\t\t\t\t<div class=\"elementor-container elementor-column-gap-default\">\n\t\t\t\t\t<div class=\"elementor-column elementor-col-100 elementor-top-column elementor-element elementor-element-46e94bcf\" data-id=\"46e94bcf\" data-element_type=\"column\">\n\t\t\t<div class=\"elementor-widget-wrap elementor-element-populated\">\n\t\t\t\t\t\t\t\t<div class=\"elementor-element elementor-element-13a851c7 elementor-widget elementor-widget-text-editor\" data-id=\"13a851c7\" data-element_type=\"widget\" data-widget_type=\"text-editor.default\">\n\t\t\t\t<div class=\"elementor-widget-container\">\n\t\t\t<style>\/*! elementor - v3.18.0 - 20-12-2023 *\/\n.elementor-widget-text-editor.elementor-drop-cap-view-stacked .elementor-drop-cap{background-color:#69727d;color:#fff}.elementor-widget-text-editor.elementor-drop-cap-view-framed .elementor-drop-cap{color:#69727d;border:3px solid;background-color:transparent}.elementor-widget-text-editor:not(.elementor-drop-cap-view-default) .elementor-drop-cap{margin-top:8px}.elementor-widget-text-editor:not(.elementor-drop-cap-view-default) .elementor-drop-cap-letter{width:1em;height:1em}.elementor-widget-text-editor .elementor-drop-cap{float:left;text-align:center;line-height:1;font-size:50px}.elementor-widget-text-editor .elementor-drop-cap-letter{display:inline-block}<\/style>\t\t\t\t<div style=\"text-align: justify;\"><h3>Aplikacja EcoHarmonogram<\/h3><p>Od stycznia 2022 roku mieszka\u0144cy Gminy \u017belazk\u00f3w otrzymali nowe urz\u0105dzenie informacyjne dotycz\u0105ce gospodarki odpadami na terenie miasta.<br \/>Aplikacja EcoHarmonogram, bo o niej mowa, to us\u0142uga internetowa, kt\u00f3ra b\u0119dzie wspomaga\u0107 mieszka\u0144c\u00f3w, wyszukuj\u0105c harmonogram odbioru odpad\u00f3w za pomoc\u0105 adresu (bez rejestracji i logowania), przypomina\u0107 o nadchodz\u0105cych terminach ich wywoz\u00f3w oraz dostarcza\u0107 wszystkich niezb\u0119dnych informacji potrzebnych do prawid\u0142owego sortowania odpad\u00f3w.<\/p><p>Mog\u0105 Pa\u0144stwo r\u00f3wnie\u017c skorzysta\u0107 ze skryptu na stronie Urz\u0119du i nie posiadaj\u0105c smartfona sprawdzi\u0107 harmonogram odbioru \u015bmieci. W tym celu nale\u017cy klikn\u0105\u0107 ikon\u0119 Eco Harmonogram w prawej kolumnie strony.<\/p><p>W aplikacji znajduj\u0105 si\u0119 r\u00f3wnie\u017c informacje o punkcie selektywnej zbi\u00f3rki odpad\u00f3w (PSZOK) i innych miejscach, gdzie mo\u017cna\u00a0 przekaza\u0107 odpady.\u00a0 Za pomoc\u0105 aplikacji b\u0119dzie r\u00f3wnie\u017c mo\u017cliwe sprawdzenie jako\u015bci powietrza w Kaliszu. Aplikacja stanowi tak\u017ce przewodnik po eko-edukacji. EcoHarmonogram umo\u017cliwia przesy\u0142anie zg\u0142osze\u0144 np. dzikich wysypisk, nieodebranych odpad\u00f3w, niew\u0142a\u015bciwej segregacji.<br \/>Aplikacja\u00a0 EcoHarmonogram jest dost\u0119pna do \u015bci\u0105gni\u0119cia w sklepach AppStore (dla systemu IOS), Google Play (dla systemu Android).\u00a0Wystarczy wej\u015b\u0107 na swoim Smartfonie do sklepu z aplikacjami, wyszuka\u0107 aplikacj\u0119 \u201eEcoHarmonogram\u201d i\u00a0klikn\u0105\u0107 zainstaluj. Nast\u0119pnie nale\u017cy wybra\u0107 miasto\/gmin\u0119, w kt\u00f3rym si\u0119 mieszka oraz wpisa\u0107 ulic\u0119.<br \/>W trosce o mieszka\u0144c\u00f3w nieu\u017cywaj\u0105cych smartfon\u00f3w wszelkie informacje zawarte<br \/>w aplikacji mobilnej b\u0119d\u0105 r\u00f3wnie\u017c dost\u0119pne na oficjalnym serwisie informacyjnym Miasta Kalisza oraz na stronie internetowej <a href=\"http:\/\/www.orlistaw.pl\" target=\"_blank\" rel=\"noopener\">www.orlistaw.pl<\/a><\/p><p><strong>Zach\u0119camy mieszka\u0144c\u00f3w\u00a0 do korzystania z aplikacji EcoHarmonogram.\u00a0<\/strong><br \/>Link do filmu instrukta\u017cowego dotycz\u0105cego instalacji i\u00a0korzystania z\u00a0aplikacji EcoHarmonogram:<\/p><p><a href=\"http:\/\/www.youtube.com\/watch?v=QBLNjM7aei0&amp;t=62s\">https:\/\/www.youtube.com\/watch?v=QBLNjM7aei0&amp;t=62s<\/a><\/p><p>\u00a0<\/p><\/div><p><script src=\"https:\/\/pluginssl.ecoharmonogram.pl\/pluginssl\/show\/resources\/iframeResizer.min.js\" charset=\"UTF-8\"><\/script><\/p><p><style type=\"text\/css\">iframe{height:1800px; width:100%; border: none;}<br \/><\/style><\/p><p><iframe style=\"border: none;\" src=\"https:\/\/pluginssl.ecoharmonogram.pl\/pluginssl\/show\/?community=zelazkow\" width=\"100%\" scrolling=\"yes\"><\/iframe><script type=\"text\/javascript\">iFrameResize();<\/script><\/p>\t\t\t\t\t\t<\/div>\n\t\t\t\t<\/div>\n\t\t\t\t\t<\/div>\n\t\t<\/div>\n\t\t\t\t\t\t\t<\/div>\n\t\t<\/section>\n\t\t\t\t\t\t\t<\/div>\n\t\t","protected":false},"excerpt":{"rendered":"<p>Aplikacja EcoHarmonogram Od stycznia 2022 roku mieszka\u0144cy Gminy \u017belazk\u00f3w otrzymali nowe urz\u0105dzenie informacyjne dotycz\u0105ce gospodarki odpadami na terenie miasta.Aplikacja EcoHarmonogram, bo o niej mowa, to us\u0142uga internetowa, kt\u00f3ra b\u0119dzie wspomaga\u0107 mieszka\u0144c\u00f3w, wyszukuj\u0105c harmonogram odbioru odpad\u00f3w za pomoc\u0105 adresu (bez rejestracji i logowania), przypomina\u0107 o nadchodz\u0105cych terminach ich wywoz\u00f3w oraz dostarcza\u0107 wszystkich niezb\u0119dnych informacji potrzebnych do [&hellip;]<\/p>\n","protected":false},"author":6,"featured_media":0,"parent":0,"menu_order":0,"comment_status":"closed","ping_status":"closed","template":"","meta":{"footnotes":""},"folder":[],"_links":{"self":[{"href":"https:\/\/www.zelazkow.pl\/index.php?rest_route=\/wp\/v2\/pages\/7325"}],"collection":[{"href":"https:\/\/www.zelazkow.pl\/index.php?rest_route=\/wp\/v2\/pages"}],"about":[{"href":"https:\/\/www.zelazkow.pl\/index.php?rest_route=\/wp\/v2\/types\/page"}],"author":[{"embeddable":true,"href":"https:\/\/www.zelazkow.pl\/index.php?rest_route=\/wp\/v2\/users\/6"}],"replies":[{"embeddable":true,"href":"https:\/\/www.zelazkow.pl\/index.php?rest_route=%2Fwp%2Fv2%2Fcomments&post=7325"}],"version-history":[{"count":6,"href":"https:\/\/www.zelazkow.pl\/index.php?rest_route=\/wp\/v2\/pages\/7325\/revisions"}],"predecessor-version":[{"id":7370,"href":"https:\/\/www.zelazkow.pl\/index.php?rest_route=\/wp\/v2\/pages\/7325\/revisions\/7370"}],"wp:attachment":[{"href":"https:\/\/www.zelazkow.pl\/index.php?rest_route=%2Fwp%2Fv2%2Fmedia&parent=7325"}],"wp:term":[{"taxonomy":"folder","embeddable":true,"href":"https:\/\/www.zelazkow.pl\/index.php?rest_route=%2Fwp%2Fv2%2Ffolder&post=7325"}],"curies":[{"name":"wp","href":"https:\/\/api.w.org\/{rel}","templated":true}]}}