{"id":7114,"date":"2024-01-26T12:00:28","date_gmt":"2024-01-26T12:00:28","guid":{"rendered":"https:\/\/www.zelazkow.pl\/?page_id=7114"},"modified":"2024-01-26T12:03:40","modified_gmt":"2024-01-26T12:03:40","slug":"zelazkow-w-liczbach","status":"publish","type":"page","link":"https:\/\/www.zelazkow.pl\/?page_id=7114","title":{"rendered":"\u017belazk\u00f3w w liczbach"},"content":{"rendered":"\t\t<div data-elementor-type=\"wp-page\" data-elementor-id=\"7114\" class=\"elementor elementor-7114\">\n\t\t\t\t\t\t\t\t\t<section class=\"elementor-section elementor-top-section elementor-element elementor-element-11cf09c elementor-section-boxed elementor-section-height-default elementor-section-height-default\" data-id=\"11cf09c\" data-element_type=\"section\" data-settings=\"{&quot;jet_parallax_layout_list&quot;:[]}\">\n\t\t\t\t\t\t<div class=\"elementor-container elementor-column-gap-default\">\n\t\t\t\t\t<div class=\"elementor-column elementor-col-100 elementor-top-column elementor-element elementor-element-f51b4d1\" data-id=\"f51b4d1\" data-element_type=\"column\">\n\t\t\t<div class=\"elementor-widget-wrap elementor-element-populated\">\n\t\t\t\t\t\t\t\t<div class=\"elementor-element elementor-element-680a70b elementor-widget__width-initial elementor-widget elementor-widget-text-editor\" data-id=\"680a70b\" data-element_type=\"widget\" data-widget_type=\"text-editor.default\">\n\t\t\t\t<div class=\"elementor-widget-container\">\n\t\t\t<style>\/*! elementor - v3.18.0 - 20-12-2023 *\/\n.elementor-widget-text-editor.elementor-drop-cap-view-stacked .elementor-drop-cap{background-color:#69727d;color:#fff}.elementor-widget-text-editor.elementor-drop-cap-view-framed .elementor-drop-cap{color:#69727d;border:3px solid;background-color:transparent}.elementor-widget-text-editor:not(.elementor-drop-cap-view-default) .elementor-drop-cap{margin-top:8px}.elementor-widget-text-editor:not(.elementor-drop-cap-view-default) .elementor-drop-cap-letter{width:1em;height:1em}.elementor-widget-text-editor .elementor-drop-cap{float:left;text-align:center;line-height:1;font-size:50px}.elementor-widget-text-editor .elementor-drop-cap-letter{display:inline-block}<\/style>\t\t\t\t<div class=\"tresc_tytul_kontener\">\n<div class=\"tresc_tytul_tekst\">Statystyka na dzie\u0144 31.12.2023<\/div>\n<\/div>\n<div class=\"tresc_wynik_kontener\">\n<div class=\"tresc_tytul_tekst\">&nbsp;<\/div>\n<p><strong>Statystyka sta\u0142ych mieszka\u0144c\u00f3w Gminy \u017belazk\u00f3w wed\u0142ug wieku i p\u0142ci na dzie\u0144 31.12.2023<\/strong> <\/p>\n<table border=\"1\" width=\"500\" cellspacing=\"5\" cellpadding=\"5\">\n<thead>\n<tr>\n<th colspan=\"2\" scope=\"col\">M\u0119\u017cczy\u017ani (M)<\/th>\n<th colspan=\"2\" scope=\"col\">Kobiety (K)<\/th>\n<\/tr>\n<\/thead>\n<tbody>\n<tr>\n<td>Wiek<\/td>\n<td>Liczba<\/td>\n<td>Wiek&nbsp;<\/td>\n<td>Liczba<\/td>\n<\/tr>\n<tr>\n<td>0-2<\/td>\n<td>119<\/td>\n<td>0-2<\/td>\n<td>113<br><\/td>\n<\/tr>\n<tr>\n<td>3<\/td>\n<td>50<\/td>\n<td>3<\/td>\n<td>46<\/td>\n<\/tr>\n<tr>\n<td>4-5<\/td>\n<td>105<\/td>\n<td>4-5<\/td>\n<td>112<\/td>\n<\/tr>\n<tr>\n<td>6<\/td>\n<td>57<\/td>\n<td>6<\/td>\n<td>42<\/td>\n<\/tr>\n<tr>\n<td>7<\/td>\n<td>60<\/td>\n<td>7<\/td>\n<td>65<\/td>\n<\/tr>\n<tr>\n<td>8-12<\/td>\n<td>295<\/td>\n<td>8-12<\/td>\n<td>283<\/td>\n<\/tr>\n<tr>\n<td>13-15<\/td>\n<td>171<\/td>\n<td>13-15<\/td>\n<td>154<\/td>\n<\/tr>\n<tr>\n<td>16-17<\/td>\n<td>89<\/td>\n<td>16-17<\/td>\n<td>104<\/td>\n<\/tr>\n<tr>\n<td>18<\/td>\n<td>51<\/td>\n<td>18<\/td>\n<td>48<\/td>\n<\/tr>\n<tr>\n<td>19-20<\/td>\n<td>117<\/td>\n<td>19-20<\/td>\n<td>74<\/td>\n<\/tr>\n<tr>\n<td>21-40<\/td>\n<td>1312<\/td>\n<td>21-40<\/td>\n<td>1233<\/td>\n<\/tr>\n<tr>\n<td>41-60<\/td>\n<td>1262<\/td>\n<td>41-59<\/td>\n<td>1312<\/td>\n<\/tr>\n<tr>\n<td>61-64<\/td>\n<td>284<\/td>\n<td>60-64<\/td>\n<td>336<\/td>\n<\/tr>\n<tr>\n<td>65-70<\/td>\n<td>255<\/td>\n<td>65-70<\/td>\n<td>283<\/td>\n<\/tr>\n<tr>\n<td>71-81<\/td>\n<td>285<\/td>\n<td>71-81<\/td>\n<td>371<\/td>\n<\/tr>\n<tr>\n<td>&gt;81<\/td>\n<td>90<\/td>\n<td>&gt;81<\/td>\n<td>233<\/td>\n<\/tr>\n<tr>\n<td><strong>Suma (M)<\/strong><\/td>\n<td><strong>4602<\/strong><\/td>\n<td><strong>Suma (K)<\/strong><\/td>\n<td><strong>4809<\/strong><\/td>\n<\/tr>\n<tr>\n<td><strong>Razem (M) + (K)<\/strong><\/td>\n<td colspan=\"3\" rowspan=\"1\"><strong>9411<\/strong><\/td>\n<\/tr>\n<\/tbody>\n<\/table>\n<\/div>\t\t\t\t\t\t<\/div>\n\t\t\t\t<\/div>\n\t\t\t\t\t<\/div>\n\t\t<\/div>\n\t\t\t\t\t\t\t<\/div>\n\t\t<\/section>\n\t\t\t\t\t\t\t<\/div>\n\t\t","protected":false},"excerpt":{"rendered":"<p>Statystyka na dzie\u0144 31.12.2023 &nbsp; Statystyka sta\u0142ych mieszka\u0144c\u00f3w Gminy \u017belazk\u00f3w wed\u0142ug wieku i p\u0142ci na dzie\u0144 31.12.2023 M\u0119\u017cczy\u017ani (M) Kobiety (K) Wiek Liczba Wiek&nbsp; Liczba 0-2 119 0-2 113 3 50 3 46 4-5 105 4-5 112 6 57 6 42 7 60 7 65 8-12 295 8-12 283 13-15 171 13-15 154 16-17 89 [&hellip;]<\/p>\n","protected":false},"author":6,"featured_media":0,"parent":0,"menu_order":0,"comment_status":"closed","ping_status":"closed","template":"","meta":{"footnotes":""},"folder":[],"_links":{"self":[{"href":"https:\/\/www.zelazkow.pl\/index.php?rest_route=\/wp\/v2\/pages\/7114"}],"collection":[{"href":"https:\/\/www.zelazkow.pl\/index.php?rest_route=\/wp\/v2\/pages"}],"about":[{"href":"https:\/\/www.zelazkow.pl\/index.php?rest_route=\/wp\/v2\/types\/page"}],"author":[{"embeddable":true,"href":"https:\/\/www.zelazkow.pl\/index.php?rest_route=\/wp\/v2\/users\/6"}],"replies":[{"embeddable":true,"href":"https:\/\/www.zelazkow.pl\/index.php?rest_route=%2Fwp%2Fv2%2Fcomments&post=7114"}],"version-history":[{"count":3,"href":"https:\/\/www.zelazkow.pl\/index.php?rest_route=\/wp\/v2\/pages\/7114\/revisions"}],"predecessor-version":[{"id":7117,"href":"https:\/\/www.zelazkow.pl\/index.php?rest_route=\/wp\/v2\/pages\/7114\/revisions\/7117"}],"wp:attachment":[{"href":"https:\/\/www.zelazkow.pl\/index.php?rest_route=%2Fwp%2Fv2%2Fmedia&parent=7114"}],"wp:term":[{"taxonomy":"folder","embeddable":true,"href":"https:\/\/www.zelazkow.pl\/index.php?rest_route=%2Fwp%2Fv2%2Ffolder&post=7114"}],"curies":[{"name":"wp","href":"https:\/\/api.w.org\/{rel}","templated":true}]}}