{"id":7048,"date":"2024-01-25T13:36:59","date_gmt":"2024-01-25T13:36:59","guid":{"rendered":"https:\/\/www.zelazkow.pl\/?page_id=7048"},"modified":"2024-02-26T10:52:55","modified_gmt":"2024-02-26T10:52:55","slug":"osrodek-zdrowia","status":"publish","type":"page","link":"https:\/\/www.zelazkow.pl\/?page_id=7048","title":{"rendered":"O\u015brodek zdrowia"},"content":{"rendered":"\t\t<div data-elementor-type=\"wp-page\" data-elementor-id=\"7048\" class=\"elementor elementor-7048\">\n\t\t\t\t\t\t\t\t\t<section class=\"elementor-section elementor-top-section elementor-element elementor-element-635c1dd elementor-section-boxed elementor-section-height-default elementor-section-height-default\" data-id=\"635c1dd\" data-element_type=\"section\" data-settings=\"{&quot;jet_parallax_layout_list&quot;:[]}\">\n\t\t\t\t\t\t<div class=\"elementor-container elementor-column-gap-default\">\n\t\t\t\t\t<div class=\"elementor-column elementor-col-33 elementor-top-column elementor-element elementor-element-6b9dff6\" data-id=\"6b9dff6\" data-element_type=\"column\">\n\t\t\t<div class=\"elementor-widget-wrap elementor-element-populated\">\n\t\t\t\t\t\t\t\t<div class=\"elementor-element elementor-element-69322fb elementor-widget__width-initial elementor-widget elementor-widget-image\" data-id=\"69322fb\" data-element_type=\"widget\" data-widget_type=\"image.default\">\n\t\t\t\t<div class=\"elementor-widget-container\">\n\t\t\t<style>\/*! elementor - v3.18.0 - 20-12-2023 *\/\n.elementor-widget-image{text-align:center}.elementor-widget-image a{display:inline-block}.elementor-widget-image a img[src$=\".svg\"]{width:48px}.elementor-widget-image img{vertical-align:middle;display:inline-block}<\/style>\t\t\t\t\t\t\t\t\t\t\t\t<img fetchpriority=\"high\" decoding=\"async\" width=\"234\" height=\"215\" src=\"https:\/\/www.zelazkow.pl\/wp-content\/uploads\/2024\/02\/NZOZ.png\" class=\"attachment-large size-large wp-image-7592\" alt=\"NZOZ\" \/>\t\t\t\t\t\t\t\t\t\t\t\t\t\t\t<\/div>\n\t\t\t\t<\/div>\n\t\t\t\t\t<\/div>\n\t\t<\/div>\n\t\t\t\t<div class=\"elementor-column elementor-col-66 elementor-top-column elementor-element elementor-element-b796f68\" data-id=\"b796f68\" data-element_type=\"column\">\n\t\t\t<div class=\"elementor-widget-wrap elementor-element-populated\">\n\t\t\t\t\t\t\t\t<div class=\"elementor-element elementor-element-0d36ab7 elementor-widget elementor-widget-text-editor\" data-id=\"0d36ab7\" data-element_type=\"widget\" data-widget_type=\"text-editor.default\">\n\t\t\t\t<div class=\"elementor-widget-container\">\n\t\t\t<style>\/*! elementor - v3.18.0 - 20-12-2023 *\/\n.elementor-widget-text-editor.elementor-drop-cap-view-stacked .elementor-drop-cap{background-color:#69727d;color:#fff}.elementor-widget-text-editor.elementor-drop-cap-view-framed .elementor-drop-cap{color:#69727d;border:3px solid;background-color:transparent}.elementor-widget-text-editor:not(.elementor-drop-cap-view-default) .elementor-drop-cap{margin-top:8px}.elementor-widget-text-editor:not(.elementor-drop-cap-view-default) .elementor-drop-cap-letter{width:1em;height:1em}.elementor-widget-text-editor .elementor-drop-cap{float:left;text-align:center;line-height:1;font-size:50px}.elementor-widget-text-editor .elementor-drop-cap-letter{display:inline-block}<\/style>\t\t\t\t<div><h4>Na terenie gminy \u017belazk\u00f3w funkcjonuje<\/h4><\/div><div>\u00a0<\/div><div><p><strong>NIEPUBLICZNY ZAK\u0141AD OPIEKI ZDROWOTNEJ \u017bELAZK\u00d3W ANNA ROGA I JANUSZ OLEK SP\u00d3\u0141KA JAWNA<\/strong><strong> <br \/>KRS 0000501623\u00a0 NIP 9680791369\u00a0 REGON 251018416<\/strong><\/p><\/div>\t\t\t\t\t\t<\/div>\n\t\t\t\t<\/div>\n\t\t\t\t\t<\/div>\n\t\t<\/div>\n\t\t\t\t\t\t\t<\/div>\n\t\t<\/section>\n\t\t\t\t<section class=\"elementor-section elementor-top-section elementor-element elementor-element-5a49caa elementor-section-boxed elementor-section-height-default elementor-section-height-default\" data-id=\"5a49caa\" data-element_type=\"section\" data-settings=\"{&quot;jet_parallax_layout_list&quot;:[]}\">\n\t\t\t\t\t\t<div class=\"elementor-container elementor-column-gap-default\">\n\t\t\t\t\t<div class=\"elementor-column elementor-col-66 elementor-top-column elementor-element elementor-element-f5b089e\" data-id=\"f5b089e\" data-element_type=\"column\">\n\t\t\t<div class=\"elementor-widget-wrap elementor-element-populated\">\n\t\t\t\t\t\t\t\t<div class=\"elementor-element elementor-element-bb69ab3 elementor-widget__width-initial elementor-widget elementor-widget-text-editor\" data-id=\"bb69ab3\" data-element_type=\"widget\" data-widget_type=\"text-editor.default\">\n\t\t\t\t<div class=\"elementor-widget-container\">\n\t\t\t\t\t\t\t<div><p><strong>\u017belazk\u00f3w 109, <br \/>62-817 \u017belazk\u00f3w<\/strong><\/p><\/div><div><strong>tel. 62 76-91-032<br \/>tel. kom\u00f3rkowy: 781 799 699<br \/>Adres e-mail: <a href=\"mailto:nzozzelazkowsj@o2.pl\">nzozzelazkowsj@o2.pl<\/a><\/strong><\/div><div><strong>Przyj\u0119cia w ramach umowy z NFZ<\/strong><\/div><div>\u00a0<\/div><div><div><strong>Poradnia Lekarzy Rodzinnych<\/strong><br \/>&#8211; Anna Roga<br \/>&#8211; Janusz Olek<br \/>&#8211; Monika Dopiera\u0142a-Dylak<\/div><div>\u00a0<\/div><div><p><strong>Piel\u0119gniarki rodzinno &#8211; \u015brodowiskowe:<\/strong><br \/>&#8211; Magdalena D\u0105bkowska &#8211; Antczak<br \/>&#8211; Emilia Za\u0142\u0119cka<\/p><\/div><div>\u00a0<\/div><\/div><div>\u00a0<\/div><div><u>Harmonogram czasu pracy (na dzie\u0144 26.02.2024 r.)<\/u><\/div><div>\u00a0<\/div><div>Zak\u0142ad czynny od poniedzia\u0142ku do pi\u0105tku w godzinach <strong>od 8:00 do 18:00<\/strong><\/div><div>\u00a0<\/div><div>Wizyty domowe u pacjenta<strong> po uzgodnieniu z lekarzem rodzinnym.<br \/><\/strong><\/div><div>Rejestracja osobista lub telefonicznie<\/div><div><p>Opiek\u0119 lekarsk\u0105 i piel\u0119gniarsk\u0105 poza godzinami pracy przychodni oraz w dni wolne od pracy, niedziele i \u015bwi\u0119ta, sprawuje:<br \/><strong>Wojew\u00f3dzki Szpital Zespolony w Kaliszu, ul. Pozna\u0144ska 79<br \/>(budynek pogotowia obok budynku g\u0142\u00f3wnego), tel. 62 765 16 54<\/strong><\/p><\/div><div>\u00a0<\/div><div>\u00a0<\/div>\t\t\t\t\t\t<\/div>\n\t\t\t\t<\/div>\n\t\t\t\t\t<\/div>\n\t\t<\/div>\n\t\t\t\t<div class=\"elementor-column elementor-col-33 elementor-top-column elementor-element elementor-element-c1a9ccf\" data-id=\"c1a9ccf\" data-element_type=\"column\">\n\t\t\t<div class=\"elementor-widget-wrap\">\n\t\t\t\t\t\t\t\t\t<\/div>\n\t\t<\/div>\n\t\t\t\t\t\t\t<\/div>\n\t\t<\/section>\n\t\t\t\t<section class=\"elementor-section elementor-top-section elementor-element elementor-element-f58f061 elementor-section-boxed elementor-section-height-default elementor-section-height-default\" data-id=\"f58f061\" data-element_type=\"section\" data-settings=\"{&quot;jet_parallax_layout_list&quot;:[]}\">\n\t\t\t\t\t\t<div class=\"elementor-container elementor-column-gap-default\">\n\t\t\t\t\t<div class=\"elementor-column elementor-col-33 elementor-top-column elementor-element elementor-element-7b17c9f\" data-id=\"7b17c9f\" data-element_type=\"column\">\n\t\t\t<div class=\"elementor-widget-wrap elementor-element-populated\">\n\t\t\t\t\t\t\t\t<div class=\"elementor-element elementor-element-b91f250 elementor-widget elementor-widget-image\" data-id=\"b91f250\" data-element_type=\"widget\" data-widget_type=\"image.default\">\n\t\t\t\t<div class=\"elementor-widget-container\">\n\t\t\t\t\t\t\t\t\t\t\t\t\t\t\t<img decoding=\"async\" width=\"612\" height=\"612\" src=\"https:\/\/www.zelazkow.pl\/wp-content\/uploads\/2024\/02\/stomatolog2.jpg\" class=\"attachment-large size-large wp-image-7602\" alt=\"stomatolog\" srcset=\"https:\/\/www.zelazkow.pl\/wp-content\/uploads\/2024\/02\/stomatolog2.jpg 612w, https:\/\/www.zelazkow.pl\/wp-content\/uploads\/2024\/02\/stomatolog2-300x300.jpg 300w, https:\/\/www.zelazkow.pl\/wp-content\/uploads\/2024\/02\/stomatolog2-150x150.jpg 150w, https:\/\/www.zelazkow.pl\/wp-content\/uploads\/2024\/02\/stomatolog2-500x500.jpg 500w, https:\/\/www.zelazkow.pl\/wp-content\/uploads\/2024\/02\/stomatolog2-58x58.jpg 58w\" sizes=\"(max-width: 612px) 100vw, 612px\" \/>\t\t\t\t\t\t\t\t\t\t\t\t\t\t\t<\/div>\n\t\t\t\t<\/div>\n\t\t\t\t\t<\/div>\n\t\t<\/div>\n\t\t\t\t<div class=\"elementor-column elementor-col-66 elementor-top-column elementor-element elementor-element-fafce5c\" data-id=\"fafce5c\" data-element_type=\"column\">\n\t\t\t<div class=\"elementor-widget-wrap elementor-element-populated\">\n\t\t\t\t\t\t\t\t<div class=\"elementor-element elementor-element-c157817 elementor-widget elementor-widget-text-editor\" data-id=\"c157817\" data-element_type=\"widget\" data-widget_type=\"text-editor.default\">\n\t\t\t\t<div class=\"elementor-widget-container\">\n\t\t\t\t\t\t\t<div><strong>Gabinet Stomatologiczny<\/strong><\/div><div>lek. stomatolog S\u0142awomir Roga<\/div><div>Przyj\u0119cia w ramach umowy z NFZ<\/div><div>\u00a0<\/div><div>poniedzia\u0142ek\u00a0\u00a0 13:00 &#8211; 18:00<\/div><div>wtorek\u00a0\u00a0\u00a0\u00a0\u00a0\u00a0\u00a0\u00a0\u00a0\u00a0\u00a0\u00a0\u00a0\u00a0\u00a0 8:00 &#8211;\u00a0 12:00<\/div><div>\u015broda\u00a0\u00a0\u00a0\u00a0\u00a0\u00a0\u00a0\u00a0\u00a0\u00a0\u00a0\u00a0\u00a0\u00a0\u00a0\u00a0 14:00 &#8211; 18:00<\/div><div>czwartek\u00a0\u00a0\u00a0\u00a0\u00a0\u00a0\u00a0\u00a0\u00a0\u00a0\u00a0 8:00 &#8211;\u00a0 13:00<\/div><div>pi\u0105tek\u00a0\u00a0\u00a0\u00a0\u00a0\u00a0\u00a0\u00a0\u00a0\u00a0\u00a0\u00a0\u00a0\u00a0\u00a0\u00a0 8:00 &#8211;\u00a0 11:00<\/div><div>\u00a0<\/div><div>telefon: 62 76-91-533 i 502 633 205<\/div>\t\t\t\t\t\t<\/div>\n\t\t\t\t<\/div>\n\t\t\t\t\t<\/div>\n\t\t<\/div>\n\t\t\t\t\t\t\t<\/div>\n\t\t<\/section>\n\t\t\t\t\t\t\t<\/div>\n\t\t","protected":false},"excerpt":{"rendered":"<p>Na terenie gminy \u017belazk\u00f3w funkcjonuje \u00a0 NIEPUBLICZNY ZAK\u0141AD OPIEKI ZDROWOTNEJ \u017bELAZK\u00d3W ANNA ROGA I JANUSZ OLEK SP\u00d3\u0141KA JAWNA KRS 0000501623\u00a0 NIP 9680791369\u00a0 REGON 251018416 \u017belazk\u00f3w 109, 62-817 \u017belazk\u00f3w tel. 62 76-91-032tel. kom\u00f3rkowy: 781 799 699Adres e-mail: nzozzelazkowsj@o2.plPrzyj\u0119cia w ramach umowy z NFZ\u00a0Poradnia Lekarzy Rodzinnych&#8211; Anna Roga&#8211; Janusz Olek&#8211; Monika Dopiera\u0142a-Dylak\u00a0 Piel\u0119gniarki rodzinno &#8211; \u015brodowiskowe:&#8211; Magdalena [&hellip;]<\/p>\n","protected":false},"author":6,"featured_media":0,"parent":0,"menu_order":0,"comment_status":"closed","ping_status":"closed","template":"","meta":{"footnotes":""},"folder":[],"_links":{"self":[{"href":"https:\/\/www.zelazkow.pl\/index.php?rest_route=\/wp\/v2\/pages\/7048"}],"collection":[{"href":"https:\/\/www.zelazkow.pl\/index.php?rest_route=\/wp\/v2\/pages"}],"about":[{"href":"https:\/\/www.zelazkow.pl\/index.php?rest_route=\/wp\/v2\/types\/page"}],"author":[{"embeddable":true,"href":"https:\/\/www.zelazkow.pl\/index.php?rest_route=\/wp\/v2\/users\/6"}],"replies":[{"embeddable":true,"href":"https:\/\/www.zelazkow.pl\/index.php?rest_route=%2Fwp%2Fv2%2Fcomments&post=7048"}],"version-history":[{"count":32,"href":"https:\/\/www.zelazkow.pl\/index.php?rest_route=\/wp\/v2\/pages\/7048\/revisions"}],"predecessor-version":[{"id":7605,"href":"https:\/\/www.zelazkow.pl\/index.php?rest_route=\/wp\/v2\/pages\/7048\/revisions\/7605"}],"wp:attachment":[{"href":"https:\/\/www.zelazkow.pl\/index.php?rest_route=%2Fwp%2Fv2%2Fmedia&parent=7048"}],"wp:term":[{"taxonomy":"folder","embeddable":true,"href":"https:\/\/www.zelazkow.pl\/index.php?rest_route=%2Fwp%2Fv2%2Ffolder&post=7048"}],"curies":[{"name":"wp","href":"https:\/\/api.w.org\/{rel}","templated":true}]}}