{"id":7045,"date":"2024-01-25T13:36:21","date_gmt":"2024-01-25T13:36:21","guid":{"rendered":"https:\/\/www.zelazkow.pl\/?page_id=7045"},"modified":"2024-02-26T10:20:14","modified_gmt":"2024-02-26T10:20:14","slug":"apteki","status":"publish","type":"page","link":"https:\/\/www.zelazkow.pl\/?page_id=7045","title":{"rendered":"Apteki"},"content":{"rendered":"\t\t<div data-elementor-type=\"wp-page\" data-elementor-id=\"7045\" class=\"elementor elementor-7045\">\n\t\t\t\t\t\t\t\t\t<section class=\"elementor-section elementor-top-section elementor-element elementor-element-b557acf elementor-section-boxed elementor-section-height-default elementor-section-height-default\" data-id=\"b557acf\" data-element_type=\"section\" data-settings=\"{&quot;jet_parallax_layout_list&quot;:[]}\">\n\t\t\t\t\t\t<div class=\"elementor-container elementor-column-gap-default\">\n\t\t\t\t\t<div class=\"elementor-column elementor-col-33 elementor-top-column elementor-element elementor-element-bb13b40\" data-id=\"bb13b40\" data-element_type=\"column\">\n\t\t\t<div class=\"elementor-widget-wrap elementor-element-populated\">\n\t\t\t\t\t\t\t\t<div class=\"elementor-element elementor-element-3281a0e elementor-widget__width-initial elementor-widget elementor-widget-image\" data-id=\"3281a0e\" data-element_type=\"widget\" data-widget_type=\"image.default\">\n\t\t\t\t<div class=\"elementor-widget-container\">\n\t\t\t<style>\/*! elementor - v3.18.0 - 20-12-2023 *\/\n.elementor-widget-image{text-align:center}.elementor-widget-image a{display:inline-block}.elementor-widget-image a img[src$=\".svg\"]{width:48px}.elementor-widget-image img{vertical-align:middle;display:inline-block}<\/style>\t\t\t\t\t\t\t\t\t\t\t\t<img fetchpriority=\"high\" decoding=\"async\" width=\"259\" height=\"194\" src=\"https:\/\/www.zelazkow.pl\/wp-content\/uploads\/2024\/02\/punkt_apteczny.jpg\" class=\"attachment-large size-large wp-image-7551\" alt=\"punkt_apteczny\" srcset=\"https:\/\/www.zelazkow.pl\/wp-content\/uploads\/2024\/02\/punkt_apteczny.jpg 259w, https:\/\/www.zelazkow.pl\/wp-content\/uploads\/2024\/02\/punkt_apteczny-115x85.jpg 115w\" sizes=\"(max-width: 259px) 100vw, 259px\" \/>\t\t\t\t\t\t\t\t\t\t\t\t\t\t\t<\/div>\n\t\t\t\t<\/div>\n\t\t\t\t\t<\/div>\n\t\t<\/div>\n\t\t\t\t<div class=\"elementor-column elementor-col-66 elementor-top-column elementor-element elementor-element-eb3f4f7\" data-id=\"eb3f4f7\" data-element_type=\"column\">\n\t\t\t<div class=\"elementor-widget-wrap elementor-element-populated\">\n\t\t\t\t\t\t\t\t<div class=\"elementor-element elementor-element-2cf3ea3 elementor-widget__width-initial elementor-widget elementor-widget-text-editor\" data-id=\"2cf3ea3\" data-element_type=\"widget\" data-widget_type=\"text-editor.default\">\n\t\t\t\t<div class=\"elementor-widget-container\">\n\t\t\t<style>\/*! elementor - v3.18.0 - 20-12-2023 *\/\n.elementor-widget-text-editor.elementor-drop-cap-view-stacked .elementor-drop-cap{background-color:#69727d;color:#fff}.elementor-widget-text-editor.elementor-drop-cap-view-framed .elementor-drop-cap{color:#69727d;border:3px solid;background-color:transparent}.elementor-widget-text-editor:not(.elementor-drop-cap-view-default) .elementor-drop-cap{margin-top:8px}.elementor-widget-text-editor:not(.elementor-drop-cap-view-default) .elementor-drop-cap-letter{width:1em;height:1em}.elementor-widget-text-editor .elementor-drop-cap{float:left;text-align:center;line-height:1;font-size:50px}.elementor-widget-text-editor .elementor-drop-cap-letter{display:inline-block}<\/style>\t\t\t\t<ul><li><strong>Punkt Apteczny LANSEC<\/strong> (przy O\u015brodku Zdrowia)<br \/>\u017belazk\u00f3w 109<br \/><br \/><p>czynny:<br \/>poniedzia\u0142ek\u00a0&#8211; pi\u0105tek w godz. 8:00 &#8211; 18:00, <br \/>sobota 8:00 &#8211; 12:00<br \/><strong>tel. 881-278-352<\/strong><\/p><\/li><\/ul>\t\t\t\t\t\t<\/div>\n\t\t\t\t<\/div>\n\t\t\t\t\t<\/div>\n\t\t<\/div>\n\t\t\t\t\t\t\t<\/div>\n\t\t<\/section>\n\t\t\t\t<section class=\"elementor-section elementor-top-section elementor-element elementor-element-5d76d4e elementor-section-boxed elementor-section-height-default elementor-section-height-default\" data-id=\"5d76d4e\" data-element_type=\"section\" data-settings=\"{&quot;jet_parallax_layout_list&quot;:[]}\">\n\t\t\t\t\t\t<div class=\"elementor-container elementor-column-gap-default\">\n\t\t\t\t\t<div class=\"elementor-column elementor-col-33 elementor-top-column elementor-element elementor-element-6f56892\" data-id=\"6f56892\" data-element_type=\"column\">\n\t\t\t<div class=\"elementor-widget-wrap elementor-element-populated\">\n\t\t\t\t\t\t\t\t<div class=\"elementor-element elementor-element-c0f2c88 elementor-widget__width-initial elementor-widget elementor-widget-image\" data-id=\"c0f2c88\" data-element_type=\"widget\" data-widget_type=\"image.default\">\n\t\t\t\t<div class=\"elementor-widget-container\">\n\t\t\t\t\t\t\t\t\t\t\t\t\t\t\t<img fetchpriority=\"high\" decoding=\"async\" width=\"259\" height=\"194\" src=\"https:\/\/www.zelazkow.pl\/wp-content\/uploads\/2024\/02\/punkt_apteczny.jpg\" class=\"attachment-large size-large wp-image-7551\" alt=\"punkt_apteczny\" srcset=\"https:\/\/www.zelazkow.pl\/wp-content\/uploads\/2024\/02\/punkt_apteczny.jpg 259w, https:\/\/www.zelazkow.pl\/wp-content\/uploads\/2024\/02\/punkt_apteczny-115x85.jpg 115w\" sizes=\"(max-width: 259px) 100vw, 259px\" \/>\t\t\t\t\t\t\t\t\t\t\t\t\t\t\t<\/div>\n\t\t\t\t<\/div>\n\t\t\t\t\t<\/div>\n\t\t<\/div>\n\t\t\t\t<div class=\"elementor-column elementor-col-66 elementor-top-column elementor-element elementor-element-beebe0d\" data-id=\"beebe0d\" data-element_type=\"column\">\n\t\t\t<div class=\"elementor-widget-wrap elementor-element-populated\">\n\t\t\t\t\t\t\t\t<div class=\"elementor-element elementor-element-3d641bc elementor-widget elementor-widget-text-editor\" data-id=\"3d641bc\" data-element_type=\"widget\" data-widget_type=\"text-editor.default\">\n\t\t\t\t<div class=\"elementor-widget-container\">\n\t\t\t\t\t\t\t<ul><li><strong>Punkt Apteczny VITA<\/strong>\u00a0 (przy sklepie Rabat)<br \/>\u017belazk\u00f3w 134C<p>czynny: poniedzia\u0142ek &#8211; pi\u0105tek w godz. 8:30 &#8211; 16:30<br \/><strong>tel. 694-477-316<\/strong><\/p><\/li><\/ul>\t\t\t\t\t\t<\/div>\n\t\t\t\t<\/div>\n\t\t\t\t\t<\/div>\n\t\t<\/div>\n\t\t\t\t\t\t\t<\/div>\n\t\t<\/section>\n\t\t\t\t\t\t\t<\/div>\n\t\t","protected":false},"excerpt":{"rendered":"<p>Punkt Apteczny LANSEC (przy O\u015brodku Zdrowia)\u017belazk\u00f3w 109 czynny:poniedzia\u0142ek\u00a0&#8211; pi\u0105tek w godz. 8:00 &#8211; 18:00, sobota 8:00 &#8211; 12:00tel. 881-278-352 Punkt Apteczny VITA\u00a0 (przy sklepie Rabat)\u017belazk\u00f3w 134C czynny: poniedzia\u0142ek &#8211; pi\u0105tek w godz. 8:30 &#8211; 16:30tel. 694-477-316<\/p>\n","protected":false},"author":6,"featured_media":0,"parent":0,"menu_order":0,"comment_status":"closed","ping_status":"closed","template":"","meta":{"footnotes":""},"folder":[],"_links":{"self":[{"href":"https:\/\/www.zelazkow.pl\/index.php?rest_route=\/wp\/v2\/pages\/7045"}],"collection":[{"href":"https:\/\/www.zelazkow.pl\/index.php?rest_route=\/wp\/v2\/pages"}],"about":[{"href":"https:\/\/www.zelazkow.pl\/index.php?rest_route=\/wp\/v2\/types\/page"}],"author":[{"embeddable":true,"href":"https:\/\/www.zelazkow.pl\/index.php?rest_route=\/wp\/v2\/users\/6"}],"replies":[{"embeddable":true,"href":"https:\/\/www.zelazkow.pl\/index.php?rest_route=%2Fwp%2Fv2%2Fcomments&post=7045"}],"version-history":[{"count":43,"href":"https:\/\/www.zelazkow.pl\/index.php?rest_route=\/wp\/v2\/pages\/7045\/revisions"}],"predecessor-version":[{"id":7576,"href":"https:\/\/www.zelazkow.pl\/index.php?rest_route=\/wp\/v2\/pages\/7045\/revisions\/7576"}],"wp:attachment":[{"href":"https:\/\/www.zelazkow.pl\/index.php?rest_route=%2Fwp%2Fv2%2Fmedia&parent=7045"}],"wp:term":[{"taxonomy":"folder","embeddable":true,"href":"https:\/\/www.zelazkow.pl\/index.php?rest_route=%2Fwp%2Fv2%2Ffolder&post=7045"}],"curies":[{"name":"wp","href":"https:\/\/api.w.org\/{rel}","templated":true}]}}