{"id":6864,"date":"2024-01-17T13:26:32","date_gmt":"2024-01-17T13:26:32","guid":{"rendered":"https:\/\/www.zelazkow.pl\/?page_id=6864"},"modified":"2026-03-26T07:48:36","modified_gmt":"2026-03-26T07:48:36","slug":"kluby-sportowe","status":"publish","type":"page","link":"https:\/\/www.zelazkow.pl\/?page_id=6864","title":{"rendered":"Kluby sportowe"},"content":{"rendered":"<style>\/*! elementor - v3.18.0 - 20-12-2023 *\/<br \/>.elementor-heading-title{padding:0;margin:0;line-height:1}.elementor-widget-heading .elementor-heading-title[class*=elementor-size-]>a{color:inherit;font-size:inherit;line-height:inherit}.elementor-widget-heading .elementor-heading-title.elementor-size-small{font-size:15px}.elementor-widget-heading .elementor-heading-title.elementor-size-medium{font-size:19px}.elementor-widget-heading .elementor-heading-title.elementor-size-large{font-size:29px}.elementor-widget-heading .elementor-heading-title.elementor-size-xl{font-size:39px}.elementor-widget-heading .elementor-heading-title.elementor-size-xxl{font-size:59px}<\/style>\n<p style=\"margin-bottom: 0.28cm; line-height: 108%;\"><b>Kluby sportowe funkcjonuj\u0105ce na terenie Gminy \u017belazk\u00f3w:<\/b><\/p>\n<style>\/*! elementor - v3.18.0 - 20-12-2023 *\/<br \/>.elementor-widget-image{text-align:center}.elementor-widget-image a{display:inline-block}.elementor-widget-image a img[src$=\".svg\"]{width:48px}.elementor-widget-image img{vertical-align:middle;display:inline-block}<\/style>\n<p><img fetchpriority=\"high\" decoding=\"async\" src=\"https:\/\/www.zelazkow.pl\/wp-content\/uploads\/2024\/02\/victoria.jpg\" sizes=\"(max-width: 236px) 100vw, 236px\" srcset=\"https:\/\/www.zelazkow.pl\/wp-content\/uploads\/2024\/02\/victoria.jpg 236w, https:\/\/www.zelazkow.pl\/wp-content\/uploads\/2024\/02\/victoria-150x150.jpg 150w, https:\/\/www.zelazkow.pl\/wp-content\/uploads\/2024\/02\/victoria-58x58.jpg 58w\" alt=\"VICTORIA Skarszew\" width=\"236\" height=\"234\" \/><\/p>\n<p style=\"margin-bottom: 0.28cm; line-height: 108%;\"><b>GKS Victoria Skarszew<\/b><\/p>\n<p style=\"margin-bottom: 0.28cm; line-height: 108%;\">Zaj\u0119cia pi\u0142karskie dla dzieci i m\u0142odzie\u017cy<\/p>\n<p style=\"margin-bottom: 0.28cm; line-height: 108%;\">Facebook: <u><a href=\"https:\/\/www.facebook.com\/ksvictoriaskarszew\" target=\"_blank\" rel=\"noopener\">https:\/\/www.facebook.com\/ksvictoriaskarszew<\/a><\/u><\/p>\n<p style=\"margin-bottom: 0.28cm; line-height: 108%;\">Telefon kontaktowy: +48 501 335 876<\/p>\n<p>&nbsp;<\/p>\n<hr \/>\n<p><a href=\"https:\/\/www.zelazkow.pl\/?attachment_id=11287\" rel=\"attachment wp-att-11284\"><img decoding=\"async\" class=\"wp-image-11287 size-medium alignleft\" src=\"https:\/\/www.zelazkow.pl\/wp-content\/uploads\/2026\/03\/zietekteam-1-300x162.jpg\" alt=\"\" width=\"300\" height=\"162\" srcset=\"https:\/\/www.zelazkow.pl\/wp-content\/uploads\/2026\/03\/zietekteam-1-300x162.jpg 300w, https:\/\/www.zelazkow.pl\/wp-content\/uploads\/2026\/03\/zietekteam-1-768x414.jpg 768w, https:\/\/www.zelazkow.pl\/wp-content\/uploads\/2026\/03\/zietekteam-1.jpg 907w\" sizes=\"(max-width: 300px) 100vw, 300px\" \/><\/a><\/p>\n<p>&nbsp;<\/p>\n<p>&nbsp;<\/p>\n<p>&nbsp;<\/p>\n<p>&nbsp;<\/p>\n<p>&nbsp;<\/p>\n<p><strong>Zi\u0119tek Team \u017belazk\u00f3w<br \/>\n<\/strong>Zaj\u0119cia z boksu i kickboxingu dla dzieci, m\u0142odzie\u017cy i doros\u0142ych<\/p>\n<p>Telefon kontaktowy: +48 607 942 400<\/p>\n<p>&nbsp;<\/p>\n","protected":false},"excerpt":{"rendered":"<p>Kluby sportowe funkcjonuj\u0105ce na terenie Gminy \u017belazk\u00f3w: GKS Victoria Skarszew Zaj\u0119cia pi\u0142karskie dla dzieci i m\u0142odzie\u017cy Facebook: https:\/\/www.facebook.com\/ksvictoriaskarszew Telefon kontaktowy: +48 501 335 876 &nbsp; &nbsp; &nbsp; &nbsp; &nbsp; &nbsp; Zi\u0119tek Team \u017belazk\u00f3w Zaj\u0119cia z boksu i kickboxingu dla dzieci, m\u0142odzie\u017cy i doros\u0142ych Telefon kontaktowy: +48 607 942 400 &nbsp;<\/p>\n","protected":false},"author":8,"featured_media":0,"parent":0,"menu_order":0,"comment_status":"closed","ping_status":"closed","template":"","meta":{"footnotes":""},"folder":[],"_links":{"self":[{"href":"https:\/\/www.zelazkow.pl\/index.php?rest_route=\/wp\/v2\/pages\/6864"}],"collection":[{"href":"https:\/\/www.zelazkow.pl\/index.php?rest_route=\/wp\/v2\/pages"}],"about":[{"href":"https:\/\/www.zelazkow.pl\/index.php?rest_route=\/wp\/v2\/types\/page"}],"author":[{"embeddable":true,"href":"https:\/\/www.zelazkow.pl\/index.php?rest_route=\/wp\/v2\/users\/8"}],"replies":[{"embeddable":true,"href":"https:\/\/www.zelazkow.pl\/index.php?rest_route=%2Fwp%2Fv2%2Fcomments&post=6864"}],"version-history":[{"count":20,"href":"https:\/\/www.zelazkow.pl\/index.php?rest_route=\/wp\/v2\/pages\/6864\/revisions"}],"predecessor-version":[{"id":11288,"href":"https:\/\/www.zelazkow.pl\/index.php?rest_route=\/wp\/v2\/pages\/6864\/revisions\/11288"}],"wp:attachment":[{"href":"https:\/\/www.zelazkow.pl\/index.php?rest_route=%2Fwp%2Fv2%2Fmedia&parent=6864"}],"wp:term":[{"taxonomy":"folder","embeddable":true,"href":"https:\/\/www.zelazkow.pl\/index.php?rest_route=%2Fwp%2Fv2%2Ffolder&post=6864"}],"curies":[{"name":"wp","href":"https:\/\/api.w.org\/{rel}","templated":true}]}}