{"id":6256,"date":"2024-01-15T07:39:47","date_gmt":"2024-01-15T07:39:47","guid":{"rendered":"https:\/\/www.zelazkow.pl\/?page_id=6256"},"modified":"2026-04-21T08:38:17","modified_gmt":"2026-04-21T08:38:17","slug":"programy","status":"publish","type":"page","link":"https:\/\/www.zelazkow.pl\/?page_id=6256","title":{"rendered":"Projekty unijne"},"content":{"rendered":"\t\t<div data-elementor-type=\"wp-page\" data-elementor-id=\"6256\" class=\"elementor elementor-6256\">\n\t\t\t\t\t\t\t\t\t<section class=\"elementor-section elementor-top-section elementor-element elementor-element-806148c elementor-section-boxed elementor-section-height-default elementor-section-height-default\" data-id=\"806148c\" data-element_type=\"section\" data-settings=\"{&quot;jet_parallax_layout_list&quot;:[]}\">\n\t\t\t\t\t\t<div class=\"elementor-container elementor-column-gap-default\">\n\t\t\t\t\t<div class=\"elementor-column elementor-col-100 elementor-top-column elementor-element elementor-element-7541986\" data-id=\"7541986\" data-element_type=\"column\">\n\t\t\t<div class=\"elementor-widget-wrap elementor-element-populated\">\n\t\t\t\t\t\t\t\t<div class=\"elementor-element elementor-element-70cb8f3 elementor-widget elementor-widget-image\" data-id=\"70cb8f3\" data-element_type=\"widget\" data-widget_type=\"image.default\">\n\t\t\t\t<div class=\"elementor-widget-container\">\n\t\t\t<style>\/*! elementor - v3.18.0 - 20-12-2023 *\/\n.elementor-widget-image{text-align:center}.elementor-widget-image a{display:inline-block}.elementor-widget-image a img[src$=\".svg\"]{width:48px}.elementor-widget-image img{vertical-align:middle;display:inline-block}<\/style>\t\t\t\t\t\t\t\t\t\t\t\t<img fetchpriority=\"high\" decoding=\"async\" width=\"724\" height=\"1024\" src=\"https:\/\/www.zelazkow.pl\/wp-content\/uploads\/2026\/04\/zlobek-1-724x1024.jpg\" class=\"attachment-large size-large wp-image-11416\" alt=\"\" srcset=\"https:\/\/www.zelazkow.pl\/wp-content\/uploads\/2026\/04\/zlobek-1-724x1024.jpg 724w, https:\/\/www.zelazkow.pl\/wp-content\/uploads\/2026\/04\/zlobek-1-212x300.jpg 212w, https:\/\/www.zelazkow.pl\/wp-content\/uploads\/2026\/04\/zlobek-1-768x1086.jpg 768w, https:\/\/www.zelazkow.pl\/wp-content\/uploads\/2026\/04\/zlobek-1-1086x1536.jpg 1086w, https:\/\/www.zelazkow.pl\/wp-content\/uploads\/2026\/04\/zlobek-1-1448x2048.jpg 1448w, https:\/\/www.zelazkow.pl\/wp-content\/uploads\/2026\/04\/zlobek-1.jpg 1654w\" sizes=\"(max-width: 724px) 100vw, 724px\" \/>\t\t\t\t\t\t\t\t\t\t\t\t\t\t\t<\/div>\n\t\t\t\t<\/div>\n\t\t\t\t\t<\/div>\n\t\t<\/div>\n\t\t\t\t\t\t\t<\/div>\n\t\t<\/section>\n\t\t\t\t<section class=\"elementor-section elementor-top-section elementor-element elementor-element-d1b93ea elementor-section-boxed elementor-section-height-default elementor-section-height-default\" data-id=\"d1b93ea\" data-element_type=\"section\" data-settings=\"{&quot;jet_parallax_layout_list&quot;:[]}\">\n\t\t\t\t\t\t<div class=\"elementor-container elementor-column-gap-default\">\n\t\t\t\t\t<div class=\"elementor-column elementor-col-100 elementor-top-column elementor-element elementor-element-52f3aea\" data-id=\"52f3aea\" data-element_type=\"column\">\n\t\t\t<div class=\"elementor-widget-wrap elementor-element-populated\">\n\t\t\t\t\t\t\t\t<div class=\"elementor-element elementor-element-ca1cccf elementor-widget elementor-widget-image\" data-id=\"ca1cccf\" data-element_type=\"widget\" data-widget_type=\"image.default\">\n\t\t\t\t<div class=\"elementor-widget-container\">\n\t\t\t\t\t\t\t\t\t\t\t\t\t\t\t<img decoding=\"async\" width=\"724\" height=\"1024\" src=\"https:\/\/www.zelazkow.pl\/wp-content\/uploads\/2026\/04\/zlobek-2-724x1024.jpg\" class=\"attachment-large size-large wp-image-11414\" alt=\"\" srcset=\"https:\/\/www.zelazkow.pl\/wp-content\/uploads\/2026\/04\/zlobek-2-724x1024.jpg 724w, https:\/\/www.zelazkow.pl\/wp-content\/uploads\/2026\/04\/zlobek-2-212x300.jpg 212w, https:\/\/www.zelazkow.pl\/wp-content\/uploads\/2026\/04\/zlobek-2-768x1086.jpg 768w, https:\/\/www.zelazkow.pl\/wp-content\/uploads\/2026\/04\/zlobek-2-1086x1536.jpg 1086w, https:\/\/www.zelazkow.pl\/wp-content\/uploads\/2026\/04\/zlobek-2-1448x2048.jpg 1448w, https:\/\/www.zelazkow.pl\/wp-content\/uploads\/2026\/04\/zlobek-2.jpg 1654w\" sizes=\"(max-width: 724px) 100vw, 724px\" \/>\t\t\t\t\t\t\t\t\t\t\t\t\t\t\t<\/div>\n\t\t\t\t<\/div>\n\t\t\t\t\t<\/div>\n\t\t<\/div>\n\t\t\t\t\t\t\t<\/div>\n\t\t<\/section>\n\t\t\t\t<section class=\"elementor-section elementor-top-section elementor-element elementor-element-bb8146a elementor-section-boxed elementor-section-height-default elementor-section-height-default\" data-id=\"bb8146a\" data-element_type=\"section\" data-settings=\"{&quot;jet_parallax_layout_list&quot;:[]}\">\n\t\t\t\t\t\t<div class=\"elementor-container elementor-column-gap-default\">\n\t\t\t\t\t<div class=\"elementor-column elementor-col-100 elementor-top-column elementor-element elementor-element-5d5d359\" data-id=\"5d5d359\" data-element_type=\"column\">\n\t\t\t<div class=\"elementor-widget-wrap elementor-element-populated\">\n\t\t\t\t\t\t\t\t<div class=\"elementor-element elementor-element-0411b01 elementor-widget elementor-widget-image\" data-id=\"0411b01\" data-element_type=\"widget\" data-widget_type=\"image.default\">\n\t\t\t\t<div class=\"elementor-widget-container\">\n\t\t\t\t\t\t\t\t\t\t\t\t\t\t\t<img decoding=\"async\" width=\"724\" height=\"1024\" src=\"https:\/\/www.zelazkow.pl\/wp-content\/uploads\/2026\/02\/Informacja-zakladka-Fundusze-Europejskie-strona-internetowa-gminy-i-wiadomosci-gminne-724x1024.jpg\" class=\"attachment-large size-large wp-image-11254\" alt=\"\" srcset=\"https:\/\/www.zelazkow.pl\/wp-content\/uploads\/2026\/02\/Informacja-zakladka-Fundusze-Europejskie-strona-internetowa-gminy-i-wiadomosci-gminne-724x1024.jpg 724w, https:\/\/www.zelazkow.pl\/wp-content\/uploads\/2026\/02\/Informacja-zakladka-Fundusze-Europejskie-strona-internetowa-gminy-i-wiadomosci-gminne-212x300.jpg 212w, https:\/\/www.zelazkow.pl\/wp-content\/uploads\/2026\/02\/Informacja-zakladka-Fundusze-Europejskie-strona-internetowa-gminy-i-wiadomosci-gminne-768x1086.jpg 768w, https:\/\/www.zelazkow.pl\/wp-content\/uploads\/2026\/02\/Informacja-zakladka-Fundusze-Europejskie-strona-internetowa-gminy-i-wiadomosci-gminne-1086x1536.jpg 1086w, https:\/\/www.zelazkow.pl\/wp-content\/uploads\/2026\/02\/Informacja-zakladka-Fundusze-Europejskie-strona-internetowa-gminy-i-wiadomosci-gminne-1448x2048.jpg 1448w, https:\/\/www.zelazkow.pl\/wp-content\/uploads\/2026\/02\/Informacja-zakladka-Fundusze-Europejskie-strona-internetowa-gminy-i-wiadomosci-gminne.jpg 1654w\" sizes=\"(max-width: 724px) 100vw, 724px\" \/>\t\t\t\t\t\t\t\t\t\t\t\t\t\t\t<\/div>\n\t\t\t\t<\/div>\n\t\t\t\t<div class=\"elementor-element elementor-element-694c821 elementor-widget elementor-widget-image\" data-id=\"694c821\" data-element_type=\"widget\" data-widget_type=\"image.default\">\n\t\t\t\t<div class=\"elementor-widget-container\">\n\t\t\t\t\t\t\t\t\t\t\t\t\t\t\t<img loading=\"lazy\" decoding=\"async\" width=\"724\" height=\"1024\" src=\"https:\/\/www.zelazkow.pl\/wp-content\/uploads\/2026\/02\/OGLOSZENIE-O-REKRUTACJI_page-0001-724x1024.jpg\" class=\"attachment-large size-large wp-image-11201\" alt=\"\" srcset=\"https:\/\/www.zelazkow.pl\/wp-content\/uploads\/2026\/02\/OGLOSZENIE-O-REKRUTACJI_page-0001-724x1024.jpg 724w, https:\/\/www.zelazkow.pl\/wp-content\/uploads\/2026\/02\/OGLOSZENIE-O-REKRUTACJI_page-0001-212x300.jpg 212w, https:\/\/www.zelazkow.pl\/wp-content\/uploads\/2026\/02\/OGLOSZENIE-O-REKRUTACJI_page-0001-768x1087.jpg 768w, https:\/\/www.zelazkow.pl\/wp-content\/uploads\/2026\/02\/OGLOSZENIE-O-REKRUTACJI_page-0001-1085x1536.jpg 1085w, https:\/\/www.zelazkow.pl\/wp-content\/uploads\/2026\/02\/OGLOSZENIE-O-REKRUTACJI_page-0001.jpg 1240w\" sizes=\"(max-width: 724px) 100vw, 724px\" \/>\t\t\t\t\t\t\t\t\t\t\t\t\t\t\t<\/div>\n\t\t\t\t<\/div>\n\t\t\t\t<div class=\"elementor-element elementor-element-65eb601 elementor-widget elementor-widget-text-editor\" data-id=\"65eb601\" data-element_type=\"widget\" data-widget_type=\"text-editor.default\">\n\t\t\t\t<div class=\"elementor-widget-container\">\n\t\t\t<style>\/*! elementor - v3.18.0 - 20-12-2023 *\/\n.elementor-widget-text-editor.elementor-drop-cap-view-stacked .elementor-drop-cap{background-color:#69727d;color:#fff}.elementor-widget-text-editor.elementor-drop-cap-view-framed .elementor-drop-cap{color:#69727d;border:3px solid;background-color:transparent}.elementor-widget-text-editor:not(.elementor-drop-cap-view-default) .elementor-drop-cap{margin-top:8px}.elementor-widget-text-editor:not(.elementor-drop-cap-view-default) .elementor-drop-cap-letter{width:1em;height:1em}.elementor-widget-text-editor .elementor-drop-cap{float:left;text-align:center;line-height:1;font-size:50px}.elementor-widget-text-editor .elementor-drop-cap-letter{display:inline-block}<\/style>\t\t\t\t\t\t\t\t\t\t<\/div>\n\t\t\t\t<\/div>\n\t\t\t\t\t<\/div>\n\t\t<\/div>\n\t\t\t\t\t\t\t<\/div>\n\t\t<\/section>\n\t\t\t\t<section class=\"elementor-section elementor-top-section elementor-element elementor-element-fb9650f elementor-section-boxed elementor-section-height-default elementor-section-height-default\" data-id=\"fb9650f\" data-element_type=\"section\" data-settings=\"{&quot;jet_parallax_layout_list&quot;:[]}\">\n\t\t\t\t\t\t<div class=\"elementor-container elementor-column-gap-default\">\n\t\t\t\t\t<div class=\"elementor-column elementor-col-100 elementor-top-column elementor-element elementor-element-07aa48b\" data-id=\"07aa48b\" data-element_type=\"column\">\n\t\t\t<div class=\"elementor-widget-wrap elementor-element-populated\">\n\t\t\t\t\t\t\t\t<div class=\"elementor-element elementor-element-159fc6b elementor-widget elementor-widget-image\" data-id=\"159fc6b\" data-element_type=\"widget\" data-widget_type=\"image.default\">\n\t\t\t\t<div class=\"elementor-widget-container\">\n\t\t\t\t\t\t\t\t\t\t\t\t\t\t\t<img loading=\"lazy\" decoding=\"async\" width=\"724\" height=\"1024\" src=\"https:\/\/www.zelazkow.pl\/wp-content\/uploads\/2026\/01\/OPIS-PROJEKTU_page-0001-724x1024.jpg\" class=\"attachment-large size-large wp-image-11149\" alt=\"\" srcset=\"https:\/\/www.zelazkow.pl\/wp-content\/uploads\/2026\/01\/OPIS-PROJEKTU_page-0001-724x1024.jpg 724w, https:\/\/www.zelazkow.pl\/wp-content\/uploads\/2026\/01\/OPIS-PROJEKTU_page-0001-212x300.jpg 212w, https:\/\/www.zelazkow.pl\/wp-content\/uploads\/2026\/01\/OPIS-PROJEKTU_page-0001-768x1087.jpg 768w, https:\/\/www.zelazkow.pl\/wp-content\/uploads\/2026\/01\/OPIS-PROJEKTU_page-0001-1085x1536.jpg 1085w, https:\/\/www.zelazkow.pl\/wp-content\/uploads\/2026\/01\/OPIS-PROJEKTU_page-0001.jpg 1240w\" sizes=\"(max-width: 724px) 100vw, 724px\" \/>\t\t\t\t\t\t\t\t\t\t\t\t\t\t\t<\/div>\n\t\t\t\t<\/div>\n\t\t\t\t<div class=\"elementor-element elementor-element-e29ac2b elementor-widget elementor-widget-image\" data-id=\"e29ac2b\" data-element_type=\"widget\" data-widget_type=\"image.default\">\n\t\t\t\t<div class=\"elementor-widget-container\">\n\t\t\t\t\t\t\t\t\t\t\t\t\t\t\t<img loading=\"lazy\" decoding=\"async\" width=\"724\" height=\"1024\" src=\"https:\/\/www.zelazkow.pl\/wp-content\/uploads\/2026\/01\/OPIS-PROJEKTU_page-0002-724x1024.jpg\" class=\"attachment-large size-large wp-image-11150\" alt=\"\" srcset=\"https:\/\/www.zelazkow.pl\/wp-content\/uploads\/2026\/01\/OPIS-PROJEKTU_page-0002-724x1024.jpg 724w, https:\/\/www.zelazkow.pl\/wp-content\/uploads\/2026\/01\/OPIS-PROJEKTU_page-0002-212x300.jpg 212w, https:\/\/www.zelazkow.pl\/wp-content\/uploads\/2026\/01\/OPIS-PROJEKTU_page-0002-768x1087.jpg 768w, https:\/\/www.zelazkow.pl\/wp-content\/uploads\/2026\/01\/OPIS-PROJEKTU_page-0002-1085x1536.jpg 1085w, https:\/\/www.zelazkow.pl\/wp-content\/uploads\/2026\/01\/OPIS-PROJEKTU_page-0002.jpg 1240w\" sizes=\"(max-width: 724px) 100vw, 724px\" \/>\t\t\t\t\t\t\t\t\t\t\t\t\t\t\t<\/div>\n\t\t\t\t<\/div>\n\t\t\t\t<div class=\"elementor-element elementor-element-1cc8c9e elementor-widget elementor-widget-image\" data-id=\"1cc8c9e\" data-element_type=\"widget\" data-widget_type=\"image.default\">\n\t\t\t\t<div class=\"elementor-widget-container\">\n\t\t\t\t\t\t\t\t\t\t\t\t\t\t\t<img loading=\"lazy\" decoding=\"async\" width=\"724\" height=\"1024\" src=\"https:\/\/www.zelazkow.pl\/wp-content\/uploads\/2026\/01\/3-724x1024.jpg\" class=\"attachment-large size-large wp-image-11153\" alt=\"\" srcset=\"https:\/\/www.zelazkow.pl\/wp-content\/uploads\/2026\/01\/3-724x1024.jpg 724w, https:\/\/www.zelazkow.pl\/wp-content\/uploads\/2026\/01\/3-212x300.jpg 212w, https:\/\/www.zelazkow.pl\/wp-content\/uploads\/2026\/01\/3-768x1087.jpg 768w, https:\/\/www.zelazkow.pl\/wp-content\/uploads\/2026\/01\/3-1086x1536.jpg 1086w, https:\/\/www.zelazkow.pl\/wp-content\/uploads\/2026\/01\/3-1447x2048.jpg 1447w, https:\/\/www.zelazkow.pl\/wp-content\/uploads\/2026\/01\/3.jpg 1653w\" sizes=\"(max-width: 724px) 100vw, 724px\" \/>\t\t\t\t\t\t\t\t\t\t\t\t\t\t\t<\/div>\n\t\t\t\t<\/div>\n\t\t\t\t\t<\/div>\n\t\t<\/div>\n\t\t\t\t\t\t\t<\/div>\n\t\t<\/section>\n\t\t\t\t<section class=\"elementor-section elementor-top-section elementor-element elementor-element-55eba76 elementor-section-boxed elementor-section-height-default elementor-section-height-default\" data-id=\"55eba76\" data-element_type=\"section\" data-settings=\"{&quot;jet_parallax_layout_list&quot;:[]}\">\n\t\t\t\t\t\t<div class=\"elementor-container elementor-column-gap-default\">\n\t\t\t\t\t<div class=\"elementor-column elementor-col-100 elementor-top-column elementor-element elementor-element-e8ae24d\" data-id=\"e8ae24d\" data-element_type=\"column\">\n\t\t\t<div class=\"elementor-widget-wrap\">\n\t\t\t\t\t\t\t\t\t<\/div>\n\t\t<\/div>\n\t\t\t\t\t\t\t<\/div>\n\t\t<\/section>\n\t\t\t\t<section class=\"elementor-section elementor-top-section elementor-element elementor-element-168010e9 elementor-section-boxed elementor-section-height-default elementor-section-height-default\" data-id=\"168010e9\" data-element_type=\"section\" data-settings=\"{&quot;jet_parallax_layout_list&quot;:[]}\">\n\t\t\t\t\t\t<div class=\"elementor-container elementor-column-gap-default\">\n\t\t\t\t\t<div class=\"elementor-column elementor-col-100 elementor-top-column elementor-element elementor-element-3d5ce6a3\" data-id=\"3d5ce6a3\" data-element_type=\"column\">\n\t\t\t<div class=\"elementor-widget-wrap elementor-element-populated\">\n\t\t\t\t\t\t\t\t<div class=\"elementor-element elementor-element-7edd2549 elementor-widget elementor-widget-text-editor\" data-id=\"7edd2549\" data-element_type=\"widget\" data-widget_type=\"text-editor.default\">\n\t\t\t\t<div class=\"elementor-widget-container\">\n\t\t\t\t\t\t\t<style>\/*! elementor - v3.18.0 - 20-12-2023 *\/<br \/>.elementor-widget-image{text-align:center}.elementor-widget-image a{display:inline-block}.elementor-widget-image a img[src$=\".svg\"]{width:48px}.elementor-widget-image img{vertical-align:middle;display:inline-block}<\/style>\n\n&nbsp;\n\n<img loading=\"lazy\" decoding=\"async\" src=\"https:\/\/www.zelazkow.pl\/wp-content\/uploads\/2025\/03\/Informacja-na-strone-internetowa_page-0001-724x1024.jpg\" sizes=\"(max-width: 724px) 100vw, 724px\" srcset=\"https:\/\/www.zelazkow.pl\/wp-content\/uploads\/2025\/03\/Informacja-na-strone-internetowa_page-0001-724x1024.jpg 724w, https:\/\/www.zelazkow.pl\/wp-content\/uploads\/2025\/03\/Informacja-na-strone-internetowa_page-0001-212x300.jpg 212w, https:\/\/www.zelazkow.pl\/wp-content\/uploads\/2025\/03\/Informacja-na-strone-internetowa_page-0001-768x1087.jpg 768w, https:\/\/www.zelazkow.pl\/wp-content\/uploads\/2025\/03\/Informacja-na-strone-internetowa_page-0001-1085x1536.jpg 1085w, https:\/\/www.zelazkow.pl\/wp-content\/uploads\/2025\/03\/Informacja-na-strone-internetowa_page-0001.jpg 1240w\" alt=\"\" width=\"724\" height=\"1024\" \/>\n<img loading=\"lazy\" decoding=\"async\" src=\"https:\/\/www.zelazkow.pl\/wp-content\/uploads\/2024\/09\/RZIIP-AKO-plakat-JST_1_-724x1024.jpg\" sizes=\"(max-width: 724px) 100vw, 724px\" srcset=\"https:\/\/www.zelazkow.pl\/wp-content\/uploads\/2024\/09\/RZIIP-AKO-plakat-JST_1_-724x1024.jpg 724w, https:\/\/www.zelazkow.pl\/wp-content\/uploads\/2024\/09\/RZIIP-AKO-plakat-JST_1_-212x300.jpg 212w, https:\/\/www.zelazkow.pl\/wp-content\/uploads\/2024\/09\/RZIIP-AKO-plakat-JST_1_-768x1086.jpg 768w, https:\/\/www.zelazkow.pl\/wp-content\/uploads\/2024\/09\/RZIIP-AKO-plakat-JST_1_-1086x1536.jpg 1086w, https:\/\/www.zelazkow.pl\/wp-content\/uploads\/2024\/09\/RZIIP-AKO-plakat-JST_1_-1449x2048.jpg 1449w, https:\/\/www.zelazkow.pl\/wp-content\/uploads\/2024\/09\/RZIIP-AKO-plakat-JST_1_-scaled.jpg 1811w\" alt=\"\" width=\"724\" height=\"1024\" \/>\n\n<hr \/>\n\n&nbsp;\n<p style=\"text-align: right;\">30.01.2024 r.<\/p>\n<a href=\"https:\/\/www.zelazkow.pl\/wp-content\/uploads\/2024\/06\/agregat2.jpg\"><img loading=\"lazy\" decoding=\"async\" src=\"https:\/\/www.zelazkow.pl\/wp-content\/uploads\/2024\/06\/agregat2-300x189.jpg\" alt=\"agregat2\" width=\"477\" height=\"300\" \/><\/a>\nW dniu 29.01.2024 r. Gmina \u017belazk\u00f3w podpisa\u0142a umow\u0119 o przyznaniu pomocy na realizacj\u0119 zadania pn.: <em>\u201eStworzenie optymalnych warunk\u00f3w dla prowadzenia dzia\u0142alno\u015bci kulturalnej poprzez zakup stacjonarnego agregatu pr\u0105dotw\u00f3rczego oraz barierek ochronnych na potrzeby Gminy \u017belazk\u00f3w\u201d<\/em>. Cel operacji: Integracja spo\u0142eczna mieszka\u0144c\u00f3w poprzez dostosowywanie og\u00f3lnodost\u0119pnej i niekomercyjnej infrastruktury kulturalnej, zaspokajaj\u0105cej w szczeg\u00f3lno\u015bci lokalne potrzeby.\n\n<hr \/>\n\n&nbsp;\n\n&nbsp;\n\n<a href=\"https:\/\/www.archiwum.zelazkow.pl\/?c=mdAktualnosci-cmPokaz-85\" target=\"_blank\" rel=\"noopener\">Termomodernizacja budynku OSP z cz\u0119\u015bci\u0105 administracyjn\u0105 w \u017belazkowie w ramach projektu pn: &#8220;Modernizacja energetyczna obiekt\u00f3w u\u017cyteczno\u015bci publicznej na terenie aglomeracji Kalisko &#8211; Ostrowskiej&#8221;<\/a>\n<img decoding=\"async\" src=\"http:\/\/www.zelazkow.pl\/FCK\/image\/2022\/Tablica.jpg\" alt=\"\" \/>\n<p class=\"Standard\">_______________________________________________________________________<\/p>\n<p class=\"Standard\">W dniu 13.09.2023 r. Gmina \u017belazk\u00f3w podpisa\u0142a umow\u0119 o przyznaniu pomocy na operacje typu \u201eBudowa lub modernizacja dr\u00f3g lokalnych\u201d w ramach poddzia\u0142ania \u201eWsparcie inwestycji zwi\u0105zanych z tworzeniem, ulepszeniem lub rozbudow\u0105 wszystkich rodzaj\u00f3w ma\u0142ej infrastruktury, w tym inwestycji w energi\u0119 odnawialn\u0105 i w oszcz\u0119dzanie energii\u201d obj\u0119tego Programem Rozwoju Obszar\u00f3w Wiejskich na lata 2014 \u2013 2020, tytu\u0142 operacji: \u201ePrzebudowa drogi powiatowej nr 4587P na odcinku od Z\u0142otnik Wielkich do granic Gminy \u017belazk\u00f3w\u201d<\/p>\n<p class=\"Standard\">Inwestycja ma na celu \u201epodniesienie na terenie Gminy \u017belazk\u00f3w parametr\u00f3w technicznych i eksploatacyjnych istniej\u0105cej infrastruktury drogowej poprzez przebudow\u0119 drogi powiatowej nr 4587P, a tak\u017ce popraw\u0119 bezpiecze\u0144stwa oraz u\u0142atwienie dost\u0119pu do obiekt\u00f3w u\u017cyteczno\u015bci publicznej, co wp\u0142ynie na wzrost jako\u015bci \u017cycia mieszka\u0144c\u00f3w wsi\u201d<\/p>\n<p class=\"Standard\"><img loading=\"lazy\" decoding=\"async\" class=\"alignnone size-medium wp-image-10243\" src=\"https:\/\/www.zelazkow.pl\/wp-content\/uploads\/2025\/08\/Tablica-300x200-1-300x200.jpg\" alt=\"\" width=\"300\" height=\"200\" srcset=\"https:\/\/www.zelazkow.pl\/wp-content\/uploads\/2025\/08\/Tablica-300x200-1-300x200.jpg 300w, https:\/\/www.zelazkow.pl\/wp-content\/uploads\/2025\/08\/Tablica-300x200-1-768x512.jpg 768w, https:\/\/www.zelazkow.pl\/wp-content\/uploads\/2025\/08\/Tablica-300x200-1-391x260.jpg 391w, https:\/\/www.zelazkow.pl\/wp-content\/uploads\/2025\/08\/Tablica-300x200-1.jpg 850w\" sizes=\"(max-width: 300px) 100vw, 300px\" \/><\/p>\t\t\t\t\t\t<\/div>\n\t\t\t\t<\/div>\n\t\t\t\t\t<\/div>\n\t\t<\/div>\n\t\t\t\t\t\t\t<\/div>\n\t\t<\/section>\n\t\t\t\t<section class=\"elementor-section elementor-top-section elementor-element elementor-element-422944a elementor-section-boxed elementor-section-height-default elementor-section-height-default\" data-id=\"422944a\" data-element_type=\"section\" data-settings=\"{&quot;jet_parallax_layout_list&quot;:[]}\">\n\t\t\t\t\t\t<div class=\"elementor-container elementor-column-gap-default\">\n\t\t\t\t\t<div class=\"elementor-column elementor-col-100 elementor-top-column elementor-element elementor-element-f48bf41\" data-id=\"f48bf41\" data-element_type=\"column\">\n\t\t\t<div class=\"elementor-widget-wrap\">\n\t\t\t\t\t\t\t\t\t<\/div>\n\t\t<\/div>\n\t\t\t\t\t\t\t<\/div>\n\t\t<\/section>\n\t\t\t\t<section class=\"elementor-section elementor-top-section elementor-element elementor-element-8da5202 elementor-section-boxed elementor-section-height-default elementor-section-height-default\" data-id=\"8da5202\" data-element_type=\"section\" data-settings=\"{&quot;jet_parallax_layout_list&quot;:[]}\">\n\t\t\t\t\t\t<div class=\"elementor-container elementor-column-gap-default\">\n\t\t\t\t\t<div class=\"elementor-column elementor-col-100 elementor-top-column elementor-element elementor-element-3805758\" data-id=\"3805758\" data-element_type=\"column\">\n\t\t\t<div class=\"elementor-widget-wrap\">\n\t\t\t\t\t\t\t\t\t<\/div>\n\t\t<\/div>\n\t\t\t\t\t\t\t<\/div>\n\t\t<\/section>\n\t\t\t\t\t\t\t<\/div>\n\t\t","protected":false},"excerpt":{"rendered":"<p>&nbsp; &nbsp; 30.01.2024 r. W dniu 29.01.2024 r. Gmina \u017belazk\u00f3w podpisa\u0142a umow\u0119 o przyznaniu pomocy na realizacj\u0119 zadania pn.: \u201eStworzenie optymalnych warunk\u00f3w dla prowadzenia dzia\u0142alno\u015bci kulturalnej poprzez zakup stacjonarnego agregatu pr\u0105dotw\u00f3rczego oraz barierek ochronnych na potrzeby Gminy \u017belazk\u00f3w\u201d. Cel operacji: Integracja spo\u0142eczna mieszka\u0144c\u00f3w poprzez dostosowywanie og\u00f3lnodost\u0119pnej i niekomercyjnej infrastruktury kulturalnej, zaspokajaj\u0105cej w szczeg\u00f3lno\u015bci lokalne potrzeby. [&hellip;]<\/p>\n","protected":false},"author":8,"featured_media":0,"parent":0,"menu_order":0,"comment_status":"closed","ping_status":"closed","template":"","meta":{"footnotes":""},"folder":[],"_links":{"self":[{"href":"https:\/\/www.zelazkow.pl\/index.php?rest_route=\/wp\/v2\/pages\/6256"}],"collection":[{"href":"https:\/\/www.zelazkow.pl\/index.php?rest_route=\/wp\/v2\/pages"}],"about":[{"href":"https:\/\/www.zelazkow.pl\/index.php?rest_route=\/wp\/v2\/types\/page"}],"author":[{"embeddable":true,"href":"https:\/\/www.zelazkow.pl\/index.php?rest_route=\/wp\/v2\/users\/8"}],"replies":[{"embeddable":true,"href":"https:\/\/www.zelazkow.pl\/index.php?rest_route=%2Fwp%2Fv2%2Fcomments&post=6256"}],"version-history":[{"count":36,"href":"https:\/\/www.zelazkow.pl\/index.php?rest_route=\/wp\/v2\/pages\/6256\/revisions"}],"predecessor-version":[{"id":11419,"href":"https:\/\/www.zelazkow.pl\/index.php?rest_route=\/wp\/v2\/pages\/6256\/revisions\/11419"}],"wp:attachment":[{"href":"https:\/\/www.zelazkow.pl\/index.php?rest_route=%2Fwp%2Fv2%2Fmedia&parent=6256"}],"wp:term":[{"taxonomy":"folder","embeddable":true,"href":"https:\/\/www.zelazkow.pl\/index.php?rest_route=%2Fwp%2Fv2%2Ffolder&post=6256"}],"curies":[{"name":"wp","href":"https:\/\/api.w.org\/{rel}","templated":true}]}}