{"id":6229,"date":"2024-01-15T07:05:33","date_gmt":"2024-01-15T07:05:33","guid":{"rendered":"https:\/\/www.zelazkow.pl\/?page_id=6229"},"modified":"2024-01-17T06:38:14","modified_gmt":"2024-01-17T06:38:14","slug":"urzad","status":"publish","type":"page","link":"https:\/\/www.zelazkow.pl\/?page_id=6229","title":{"rendered":"Urz\u0105d Gminy"},"content":{"rendered":"\t\t<div data-elementor-type=\"wp-page\" data-elementor-id=\"6229\" class=\"elementor elementor-6229\">\n\t\t\t\t\t\t\t\t\t<section class=\"elementor-section elementor-top-section elementor-element elementor-element-70033a1 elementor-section-boxed elementor-section-height-default elementor-section-height-default\" data-id=\"70033a1\" data-element_type=\"section\" data-settings=\"{&quot;jet_parallax_layout_list&quot;:[]}\">\n\t\t\t\t\t\t<div class=\"elementor-container elementor-column-gap-default\">\n\t\t\t\t\t<div class=\"elementor-column elementor-col-100 elementor-top-column elementor-element elementor-element-a6df150\" data-id=\"a6df150\" data-element_type=\"column\">\n\t\t\t<div class=\"elementor-widget-wrap elementor-element-populated\">\n\t\t\t\t\t\t\t\t<div class=\"elementor-element elementor-element-1554260 elementor-widget elementor-widget-text-editor\" data-id=\"1554260\" data-element_type=\"widget\" data-widget_type=\"text-editor.default\">\n\t\t\t\t<div class=\"elementor-widget-container\">\n\t\t\t<style>\/*! elementor - v3.18.0 - 20-12-2023 *\/\n.elementor-widget-text-editor.elementor-drop-cap-view-stacked .elementor-drop-cap{background-color:#69727d;color:#fff}.elementor-widget-text-editor.elementor-drop-cap-view-framed .elementor-drop-cap{color:#69727d;border:3px solid;background-color:transparent}.elementor-widget-text-editor:not(.elementor-drop-cap-view-default) .elementor-drop-cap{margin-top:8px}.elementor-widget-text-editor:not(.elementor-drop-cap-view-default) .elementor-drop-cap-letter{width:1em;height:1em}.elementor-widget-text-editor .elementor-drop-cap{float:left;text-align:center;line-height:1;font-size:50px}.elementor-widget-text-editor .elementor-drop-cap-letter{display:inline-block}<\/style>\t\t\t\t<p><a href=\"https:\/\/www.bip.zelazkow.pl\/?c=mdTresc-cmPokaz-547\" target=\"_blank\" rel=\"noopener\"> Narodowy Spis Powszechny 2021<\/a><\/p><p><a href=\"https:\/\/www.bip.zelazkow.pl\/\" target=\"_blank\" rel=\"noopener\">Komunikaty, og\u0142oszenia<\/a><\/p><p><a href=\"https:\/\/www.bip.zelazkow.pl\/REJESTRY\" target=\"_blank\" rel=\"noopener\">Rejestry<\/a><\/p><p><a href=\"https:\/\/www.bip.zelazkow.pl\/?c=mdTresc-cmPokaz-299\" target=\"_blank\" rel=\"noopener\">Wybory<\/a><\/p>\t\t\t\t\t\t<\/div>\n\t\t\t\t<\/div>\n\t\t\t\t\t<\/div>\n\t\t<\/div>\n\t\t\t\t\t\t\t<\/div>\n\t\t<\/section>\n\t\t\t\t<section class=\"elementor-section elementor-top-section elementor-element elementor-element-7a5720a elementor-section-boxed elementor-section-height-default elementor-section-height-default\" data-id=\"7a5720a\" data-element_type=\"section\" data-settings=\"{&quot;jet_parallax_layout_list&quot;:[]}\">\n\t\t\t\t\t\t<div class=\"elementor-container elementor-column-gap-default\">\n\t\t\t\t\t<div class=\"elementor-column elementor-col-100 elementor-top-column elementor-element elementor-element-e2bfaf0\" data-id=\"e2bfaf0\" data-element_type=\"column\">\n\t\t\t<div class=\"elementor-widget-wrap elementor-element-populated\">\n\t\t\t\t\t\t\t\t<div class=\"elementor-element elementor-element-e7a8a1a elementor-widget elementor-widget-toggle\" data-id=\"e7a8a1a\" data-element_type=\"widget\" data-widget_type=\"toggle.default\">\n\t\t\t\t<div class=\"elementor-widget-container\">\n\t\t\t<style>\/*! elementor - v3.18.0 - 20-12-2023 *\/\n.elementor-toggle{text-align:left}.elementor-toggle .elementor-tab-title{font-weight:700;line-height:1;margin:0;padding:15px;border-bottom:1px solid #d5d8dc;cursor:pointer;outline:none}.elementor-toggle .elementor-tab-title .elementor-toggle-icon{display:inline-block;width:1em}.elementor-toggle .elementor-tab-title .elementor-toggle-icon svg{margin-inline-start:-5px;width:1em;height:1em}.elementor-toggle .elementor-tab-title .elementor-toggle-icon.elementor-toggle-icon-right{float:right;text-align:right}.elementor-toggle .elementor-tab-title .elementor-toggle-icon.elementor-toggle-icon-left{float:left;text-align:left}.elementor-toggle .elementor-tab-title .elementor-toggle-icon .elementor-toggle-icon-closed{display:block}.elementor-toggle .elementor-tab-title .elementor-toggle-icon .elementor-toggle-icon-opened{display:none}.elementor-toggle .elementor-tab-title.elementor-active{border-bottom:none}.elementor-toggle .elementor-tab-title.elementor-active .elementor-toggle-icon-closed{display:none}.elementor-toggle .elementor-tab-title.elementor-active .elementor-toggle-icon-opened{display:block}.elementor-toggle .elementor-tab-content{padding:15px;border-bottom:1px solid #d5d8dc;display:none}@media (max-width:767px){.elementor-toggle .elementor-tab-title{padding:12px}.elementor-toggle .elementor-tab-content{padding:12px 10px}}.e-con-inner>.elementor-widget-toggle,.e-con>.elementor-widget-toggle{width:var(--container-widget-width);--flex-grow:var(--container-widget-flex-grow)}<\/style>\t\t<div class=\"elementor-toggle\">\n\t\t\t\t\t\t\t<div class=\"elementor-toggle-item\">\n\t\t\t\t\t<div id=\"elementor-tab-title-2421\" class=\"elementor-tab-title\" data-tab=\"1\" role=\"button\" aria-controls=\"elementor-tab-content-2421\" aria-expanded=\"false\">\n\t\t\t\t\t\t\t\t\t\t\t\t<span class=\"elementor-toggle-icon elementor-toggle-icon-left\" aria-hidden=\"true\">\n\t\t\t\t\t\t\t\t\t\t\t\t\t\t\t<span class=\"elementor-toggle-icon-closed\"><i class=\"fas fa-caret-right\"><\/i><\/span>\n\t\t\t\t\t\t\t\t<span class=\"elementor-toggle-icon-opened\"><i class=\"elementor-toggle-icon-opened fas fa-caret-up\"><\/i><\/span>\n\t\t\t\t\t\t\t\t\t\t\t\t\t<\/span>\n\t\t\t\t\t\t\t\t\t\t\t\t<a class=\"elementor-toggle-title\" tabindex=\"0\">Akty normatywne<\/a>\n\t\t\t\t\t<\/div>\n\n\t\t\t\t\t<div id=\"elementor-tab-content-2421\" class=\"elementor-tab-content elementor-clearfix\" data-tab=\"1\" role=\"region\" aria-labelledby=\"elementor-tab-title-2421\"><div class=\"tresc_tytul_kontener\"><div class=\"tresc_tytul_tekst\">Akty normatywne &#8211; Rz\u0105dowe Centrum Legislacji<\/div><\/div><div class=\"tresc_wynik_kontener\"><p><br \/><br \/>Mo\u017cliwo\u015b\u0107 wgl\u0105du i pobrania ca\u0142ych numer\u00f3w lub wybranych pozycji Dziennika Ustaw i\u00a0Monitora Polskiego znajduj\u0105cych si\u0119 na stronie Rz\u0105dowego Centrum Legislacji.<\/p><p>\u00a0<strong><a href=\"http:\/\/dziennikustaw.gov.pl\/\" target=\"_blank\" rel=\"noopener\"><img decoding=\"async\" src=\"http:\/\/www.zelazkow.pl\/FCK\/image\/DzU.jpg\" alt=\"\" \/><\/a><\/strong><\/p><p>\u00a0<strong><a href=\"http:\/\/monitorpolski.gov.pl\/\" target=\"_blank\" rel=\"noopener\"><img decoding=\"async\" src=\"http:\/\/www.zelazkow.pl\/FCK\/image\/MonP.jpg\" alt=\"\" \/><\/a><\/strong><\/p><\/div><\/div>\n\t\t\t\t<\/div>\n\t\t\t\t\t\t\t\t<\/div>\n\t\t\t\t<\/div>\n\t\t\t\t<\/div>\n\t\t\t\t\t<\/div>\n\t\t<\/div>\n\t\t\t\t\t\t\t<\/div>\n\t\t<\/section>\n\t\t\t\t<section class=\"elementor-section elementor-top-section elementor-element elementor-element-f075706 elementor-section-boxed elementor-section-height-default elementor-section-height-default\" data-id=\"f075706\" data-element_type=\"section\" data-settings=\"{&quot;jet_parallax_layout_list&quot;:[]}\">\n\t\t\t\t\t\t<div class=\"elementor-container elementor-column-gap-default\">\n\t\t\t\t\t<div class=\"elementor-column elementor-col-100 elementor-top-column elementor-element elementor-element-4cd3e74\" data-id=\"4cd3e74\" data-element_type=\"column\">\n\t\t\t<div class=\"elementor-widget-wrap elementor-element-populated\">\n\t\t\t\t\t\t\t\t<div class=\"elementor-element elementor-element-555fa9f elementor-widget elementor-widget-text-editor\" data-id=\"555fa9f\" data-element_type=\"widget\" data-widget_type=\"text-editor.default\">\n\t\t\t\t<div class=\"elementor-widget-container\">\n\t\t\t\t\t\t\t<p><a href=\"https:\/\/www.bip.zelazkow.pl\/?c=mdOsoby-cmPokaz-42c\" target=\"_blank\" rel=\"noopener\">Kierownictwo<\/a><\/p><p><a href=\"https:\/\/www.bip.zelazkow.pl\/?c=mdTresc-cmPokaz-11\" target=\"_blank\" rel=\"noopener\">Zarz\u0105dzenia W\u00f3jta<\/a><\/p>\t\t\t\t\t\t<\/div>\n\t\t\t\t<\/div>\n\t\t\t\t\t<\/div>\n\t\t<\/div>\n\t\t\t\t\t\t\t<\/div>\n\t\t<\/section>\n\t\t\t\t<section class=\"elementor-section elementor-top-section elementor-element elementor-element-4568fc5 elementor-section-boxed elementor-section-height-default elementor-section-height-default\" data-id=\"4568fc5\" data-element_type=\"section\" data-settings=\"{&quot;jet_parallax_layout_list&quot;:[]}\">\n\t\t\t\t\t\t<div class=\"elementor-container elementor-column-gap-default\">\n\t\t\t\t\t<div class=\"elementor-column elementor-col-100 elementor-top-column elementor-element elementor-element-f1ed9c3\" data-id=\"f1ed9c3\" data-element_type=\"column\">\n\t\t\t<div class=\"elementor-widget-wrap elementor-element-populated\">\n\t\t\t\t\t\t\t\t<div class=\"elementor-element elementor-element-08563e4 elementor-widget elementor-widget-text-editor\" data-id=\"08563e4\" data-element_type=\"widget\" data-widget_type=\"text-editor.default\">\n\t\t\t\t<div class=\"elementor-widget-container\">\n\t\t\t\t\t\t\t<div class=\"tresc_tytul_kontener\"><p class=\"tresc_tytul_tekst\"><strong>Godziny pracy Urz\u0119du Gminy<\/strong><\/p><\/div><div class=\"tresc_wynik_kontener\"><p>\u00a0<\/p><p>Urz\u0105d Gminy \u017belazk\u00f3w czynny jest<\/p><p><br \/>poniedzia\u0142ek &#8211; pi\u0105tek od 7:30 do 15:30<br \/>Sobota: nieczynne<\/p><p>\u00a0<\/p><p>Tel. 62 76-91-008,<\/p><p>62 76-91-009,<\/p><p>62 75-21-850<\/p><\/div><div class=\"tresc_stopka_kontener\">\u00a0<\/div>\t\t\t\t\t\t<\/div>\n\t\t\t\t<\/div>\n\t\t\t\t\t<\/div>\n\t\t<\/div>\n\t\t\t\t\t\t\t<\/div>\n\t\t<\/section>\n\t\t\t\t<section class=\"elementor-section elementor-top-section elementor-element elementor-element-f0a28f1 elementor-section-boxed elementor-section-height-default elementor-section-height-default\" data-id=\"f0a28f1\" data-element_type=\"section\" data-settings=\"{&quot;jet_parallax_layout_list&quot;:[]}\">\n\t\t\t\t\t\t<div class=\"elementor-container elementor-column-gap-default\">\n\t\t\t\t\t<div class=\"elementor-column elementor-col-100 elementor-top-column elementor-element elementor-element-d908243\" data-id=\"d908243\" data-element_type=\"column\">\n\t\t\t<div class=\"elementor-widget-wrap elementor-element-populated\">\n\t\t\t\t\t\t\t\t<div class=\"elementor-element elementor-element-55492f8 elementor-widget elementor-widget-text-editor\" data-id=\"55492f8\" data-element_type=\"widget\" data-widget_type=\"text-editor.default\">\n\t\t\t\t<div class=\"elementor-widget-container\">\n\t\t\t\t\t\t\t<div class=\"tresc_tytul_kontener\"><div class=\"tresc_tytul_tekst\"><strong>Dane teleadresowe<\/strong><\/div><\/div><div class=\"tresc_wynik_kontener\"><div class=\"tresc_tresc_kontener\"><p><strong><u>Urz\u0105d Gminy w \u017belazkowie<\/u><\/strong><\/p><p><strong>\u017belazk\u00f3w 138<br \/>62-817 \u017belazk\u00f3w<\/strong><\/p><p><strong>Telefony:<\/strong><br \/>62 769-10-08, 62 769-10-09, 62 752-18-50<\/p><p><strong>Faks:<\/strong><br \/>62 752-18-81<\/p><p><strong>E-mail:<\/strong><br \/><a href=\"mailto:ug@zelazkow.pl\">ug@zelazkow.pl<\/a><\/p><p><a href=\"http:\/\/www.zelazkow.pl\">www.zelazkow.pl<\/a>, <a href=\"http:\/\/www.bip.zelazkow.pl\">www.bip.zelazkow.pl<\/a><\/p><p>ePuap Gmina \u017belazk\u00f3w: uh04q8kt34\/skrytka\u00a0<\/p><p><strong>NIP:<\/strong> 9680371259<br \/><strong>REGON:<\/strong> 000552030<\/p><p><strong>Konto bankowe:<\/strong><br \/>Op\u0142aty typu: op\u0142ata skarbowa, czynsz najmu, op\u0142ata za zaj\u0119cie pasa drogowego, podatek rolny, od nieruchomo\u015bci oraz drogowy<\/p><p><strong>Bank Sp\u00f3\u0142dzielczy Ziemi Kaliskiej<br \/>Nr: 83 8404 0006 2003 0016 2069 0004<\/strong><\/p><p><strong>Dane do faktur:<br \/>Nabywca:\u00a0\u00a0\u00a0\u00a0\u00a0\u00a0\u00a0\u00a0\u00a0\u00a0\u00a0\u00a0\u00a0\u00a0\u00a0\u00a0\u00a0\u00a0\u00a0\u00a0\u00a0\u00a0\u00a0\u00a0\u00a0 Odbiorca:<\/strong><br \/>Gmina \u017belazk\u00f3w\u00a0\u00a0\u00a0\u00a0\u00a0\u00a0\u00a0\u00a0\u00a0\u00a0\u00a0\u00a0\u00a0\u00a0\u00a0\u00a0 Urz\u0105d Gminy \u017belazk\u00f3w<br \/>\u017belazk\u00f3w 138\u00a0\u00a0\u00a0\u00a0\u00a0\u00a0\u00a0\u00a0\u00a0\u00a0\u00a0\u00a0\u00a0\u00a0\u00a0\u00a0\u00a0\u00a0\u00a0\u00a0\u00a0 \u017belazk\u00f3w 138<br \/>62-817 \u017belazk\u00f3w\u00a0\u00a0\u00a0\u00a0\u00a0\u00a0\u00a0\u00a0\u00a0\u00a0\u00a0\u00a0\u00a0\u00a0\u00a0\u00a0 62-817 \u017belazk\u00f3w<br \/>NIP: 9680861035<\/p><p>Regon: 250854932<\/p><p>\u00a0<\/p><\/div><\/div>\t\t\t\t\t\t<\/div>\n\t\t\t\t<\/div>\n\t\t\t\t\t<\/div>\n\t\t<\/div>\n\t\t\t\t\t\t\t<\/div>\n\t\t<\/section>\n\t\t\t\t\t\t\t<\/div>\n\t\t","protected":false},"excerpt":{"rendered":"<p>Narodowy Spis Powszechny 2021 Komunikaty, og\u0142oszenia Rejestry Wybory Akty normatywne Akty normatywne &#8211; Rz\u0105dowe Centrum Legislacji Mo\u017cliwo\u015b\u0107 wgl\u0105du i pobrania ca\u0142ych numer\u00f3w lub wybranych pozycji Dziennika Ustaw i\u00a0Monitora Polskiego znajduj\u0105cych si\u0119 na stronie Rz\u0105dowego Centrum Legislacji. \u00a0 \u00a0 Kierownictwo Zarz\u0105dzenia W\u00f3jta Godziny pracy Urz\u0119du Gminy \u00a0 Urz\u0105d Gminy \u017belazk\u00f3w czynny jest poniedzia\u0142ek &#8211; pi\u0105tek od [&hellip;]<\/p>\n","protected":false},"author":8,"featured_media":0,"parent":6191,"menu_order":0,"comment_status":"closed","ping_status":"closed","template":"","meta":{"footnotes":""},"folder":[],"_links":{"self":[{"href":"https:\/\/www.zelazkow.pl\/index.php?rest_route=\/wp\/v2\/pages\/6229"}],"collection":[{"href":"https:\/\/www.zelazkow.pl\/index.php?rest_route=\/wp\/v2\/pages"}],"about":[{"href":"https:\/\/www.zelazkow.pl\/index.php?rest_route=\/wp\/v2\/types\/page"}],"author":[{"embeddable":true,"href":"https:\/\/www.zelazkow.pl\/index.php?rest_route=\/wp\/v2\/users\/8"}],"replies":[{"embeddable":true,"href":"https:\/\/www.zelazkow.pl\/index.php?rest_route=%2Fwp%2Fv2%2Fcomments&post=6229"}],"version-history":[{"count":12,"href":"https:\/\/www.zelazkow.pl\/index.php?rest_route=\/wp\/v2\/pages\/6229\/revisions"}],"predecessor-version":[{"id":6747,"href":"https:\/\/www.zelazkow.pl\/index.php?rest_route=\/wp\/v2\/pages\/6229\/revisions\/6747"}],"up":[{"embeddable":true,"href":"https:\/\/www.zelazkow.pl\/index.php?rest_route=\/wp\/v2\/pages\/6191"}],"wp:attachment":[{"href":"https:\/\/www.zelazkow.pl\/index.php?rest_route=%2Fwp%2Fv2%2Fmedia&parent=6229"}],"wp:term":[{"taxonomy":"folder","embeddable":true,"href":"https:\/\/www.zelazkow.pl\/index.php?rest_route=%2Fwp%2Fv2%2Ffolder&post=6229"}],"curies":[{"name":"wp","href":"https:\/\/api.w.org\/{rel}","templated":true}]}}