{"id":6191,"date":"2024-01-12T13:27:01","date_gmt":"2024-01-12T13:27:01","guid":{"rendered":"https:\/\/www.zelazkow.pl\/?page_id=6191"},"modified":"2024-01-26T11:44:55","modified_gmt":"2024-01-26T11:44:55","slug":"gmina","status":"publish","type":"page","link":"https:\/\/www.zelazkow.pl\/?page_id=6191","title":{"rendered":"Gmina \u017belazk\u00f3w"},"content":{"rendered":"\t\t<div data-elementor-type=\"wp-page\" data-elementor-id=\"6191\" class=\"elementor elementor-6191\">\n\t\t\t\t\t\t\t\t\t<section class=\"elementor-section elementor-top-section elementor-element elementor-element-2407d7d elementor-section-boxed elementor-section-height-default elementor-section-height-default\" data-id=\"2407d7d\" data-element_type=\"section\" data-settings=\"{&quot;jet_parallax_layout_list&quot;:[]}\">\n\t\t\t\t\t\t<div class=\"elementor-container elementor-column-gap-default\">\n\t\t\t\t\t<div class=\"elementor-column elementor-col-100 elementor-top-column elementor-element elementor-element-cbe366b\" data-id=\"cbe366b\" data-element_type=\"column\">\n\t\t\t<div class=\"elementor-widget-wrap elementor-element-populated\">\n\t\t\t\t\t\t\t\t<div class=\"elementor-element elementor-element-b19b078 elementor-widget elementor-widget-text-editor\" data-id=\"b19b078\" data-element_type=\"widget\" data-widget_type=\"text-editor.default\">\n\t\t\t\t<div class=\"elementor-widget-container\">\n\t\t\t<style>\/*! elementor - v3.18.0 - 20-12-2023 *\/\n.elementor-widget-text-editor.elementor-drop-cap-view-stacked .elementor-drop-cap{background-color:#69727d;color:#fff}.elementor-widget-text-editor.elementor-drop-cap-view-framed .elementor-drop-cap{color:#69727d;border:3px solid;background-color:transparent}.elementor-widget-text-editor:not(.elementor-drop-cap-view-default) .elementor-drop-cap{margin-top:8px}.elementor-widget-text-editor:not(.elementor-drop-cap-view-default) .elementor-drop-cap-letter{width:1em;height:1em}.elementor-widget-text-editor .elementor-drop-cap{float:left;text-align:center;line-height:1;font-size:50px}.elementor-widget-text-editor .elementor-drop-cap-letter{display:inline-block}<\/style>\t\t\t\t<h2>Po\u0142o\u017cenie i og\u00f3lna charakterystyka<\/h2>\t\t\t\t\t\t<\/div>\n\t\t\t\t<\/div>\n\t\t\t\t<div class=\"elementor-element elementor-element-eecee7d elementor-widget elementor-widget-image\" data-id=\"eecee7d\" data-element_type=\"widget\" data-widget_type=\"image.default\">\n\t\t\t\t<div class=\"elementor-widget-container\">\n\t\t\t<style>\/*! elementor - v3.18.0 - 20-12-2023 *\/\n.elementor-widget-image{text-align:center}.elementor-widget-image a{display:inline-block}.elementor-widget-image a img[src$=\".svg\"]{width:48px}.elementor-widget-image img{vertical-align:middle;display:inline-block}<\/style>\t\t\t\t\t\t\t\t\t\t\t\t<img decoding=\"async\" width=\"189\" height=\"193\" src=\"https:\/\/www.zelazkow.pl\/wp-content\/uploads\/2024\/01\/ogminie.png\" class=\"attachment-large size-large wp-image-6197\" alt=\"\" srcset=\"https:\/\/www.zelazkow.pl\/wp-content\/uploads\/2024\/01\/ogminie.png 189w, https:\/\/www.zelazkow.pl\/wp-content\/uploads\/2024\/01\/ogminie-58x58.png 58w\" sizes=\"(max-width: 189px) 100vw, 189px\" \/>\t\t\t\t\t\t\t\t\t\t\t\t\t\t\t<\/div>\n\t\t\t\t<\/div>\n\t\t\t\t<div class=\"elementor-element elementor-element-b0d72c5 elementor-widget elementor-widget-text-editor\" data-id=\"b0d72c5\" data-element_type=\"widget\" data-widget_type=\"text-editor.default\">\n\t\t\t\t<div class=\"elementor-widget-container\">\n\t\t\t\t\t\t\t<div class=\"tresc_tytul_kontener\"><div class=\"tresc_tytul_tekst\">Gmina \u017belazk\u00f3w jest gmin\u0105 wiejsk\u0105 po\u0142o\u017con\u0105 w wojew\u00f3dztwie wielkopolskim, w powiecie kaliskim. Obszar gminy znajduje si\u0119 w \u015brodkowej cz\u0119\u015bci powiatu. Na p\u00f3\u0142nocy graniczy ze Stawiszynem i Mycielinem, na po\u0142udniowym wschodzie z Opat\u00f3wkiem i Ko\u017aminkiem, na po\u0142udniowym zachodzie z miastem Kaliszem, na wschodzie z Cekowem, natomiast na zachodzie z Blizanowem. Og\u00f3lna powierzchnia wynosi\u00a0 11.361 hektar\u00f3w i obejmuje obszar 114 km<sup>2<\/sup>. Liczba mieszka\u0144c\u00f3w w gminie: 9375 w tym kobiet 4784 i m\u0119\u017cczyzn 4591. Gmina \u017belazk\u00f3w sk\u0142ada si\u0119 z 35 miejscowo\u015bci, z czego 25 wsi s\u0105 wsiami so\u0142eckimi. So\u0142ectwa tworz\u0105 nast\u0119puj\u0105ce wioski: 1. Anielin, Micha\u0142\u00f3w, Witold\u00f3w, 2. Florentyna Biernatki, 3. Bork\u00f3w Nowy, 4. Bork\u00f3w Stary, 5, Czartki, 6. D\u0119be, 7. Garzew, 8. Goliszew, 9. Helen\u00f3w, 10. Ilno, 11. Jank\u00f3w, 12. Kolonia Kokanin, 13. Kokanin, Nied\u017awiady, 14. Kolonia Skarszewek, 15. P\u00f3lko, 16. Russ\u00f3w, 17. Skarszew, 18. Skarszewek, 19. Szosa Turecka, 20. Tykad\u0142\u00f3w, 21. Wojciech\u00f3wka, 22. Z\u0142otniki Wielkie, Strugi, 23. Z\u0142otniki Ma\u0142e, G\u00f3ry Z\u0142otnickie, 24. Zbor\u00f3w, G\u00f3ry Zborowskie, 25. \u017belazk\u00f3w.<\/div><\/div><div class=\"tresc_wynik_kontener\"><p>Dost\u0119pno\u015b\u0107 komunikacyjn\u0105 tworz\u0105 dwie g\u0142\u00f3wne drogi wojew\u00f3dzka nr 470 (Kalisz \u2013 Turek \u2013 Ko\u0142o), droga krajowa nr 25 (Kalisz \u2013 Konin) oraz sie\u0107 dr\u00f3g powiatowych i gminnych, z czego \u0142\u0105czna d\u0142ugo\u015b\u0107 dr\u00f3g gminnych wynosi 88 km.<\/p><p>Teren gminy \u017belazk\u00f3w nale\u017cy do zlewni rzeki Prosny i Warty, jest odwadniany przez rzeki Sw\u0119drni\u0119 i Czarn\u0105 Stug\u0119. Obszary le\u015bne zajmuj\u0105 ok. 8% powierzchni. Na terenach gminy znajduj\u0105 si\u0119 parki krajobrazowe wpisane do Pa\u0144stwowego Rejestru Zabytk\u00f3w oraz Ewidencji Wojew\u00f3dzkiego Konserwatora Zabytk\u00f3w. Cz\u0119\u015b\u0107 teren\u00f3w gminy wchodzi w sk\u0142ad Obszaru Chronionego Krajobrazu \u201eDolina rzeki Sw\u0119drni\u201d. Dolina, kt\u00f3ra powsta\u0142a w okresie zlodowacenia \u015brodkowopolskiego, prezentuje unikatowe w skali kraju walory naturalnego krajobrazu. Wyst\u0119puje tu 714 gatunk\u00f3w ro\u015blin oraz liczne stanowiska ptak\u00f3w.<\/p><p>Gmina ma charakter nizinny, rolno \u2013 przemys\u0142owy. Dominuj\u0105 gospodarstwa rolno \u2013 ogrodniczo \u2013 kwiaciarskie, uprawy kukurydzy i burak\u00f3w, sadownictwo oraz gospodarstwa zajmuj\u0105ce si\u0119 hodowl\u0105 zwierz\u0105t. Na terenie gminy\u00a0 \u017belazk\u00f3w nie wyst\u0119puj\u0105 du\u017ce zak\u0142ady i fabryki, ale funkcjonuj\u0105 r\u00f3\u017cnego rodzaju zak\u0142ady us\u0142ugowe i produkcyjne. G\u0142\u00f3wnym \u017ar\u00f3d\u0142em gospodarki jest przetw\u00f3rstwo rolno \u2013 spo\u017cywcze.<\/p><p>W ka\u017cdym roku wiele \u015brodk\u00f3w finansowych przeznaczanych jest na inwestycje s\u0142u\u017c\u0105ce potrzebom spo\u0142ecznym, dzi\u0119ki kt\u00f3rym zmienia si\u0119 wygl\u0105d i estetyka otoczenia. Dzi\u0119ki dofinansowaniu ze \u015brodk\u00f3w z Unii Europejskiej w ramach Programu Rozwoju Obszar\u00f3w Wiejskich na lata 2007 \u2013 2013 wyremontowano \u015bwietlice wiejskie w: \u017belazkowie, Czartkach, Goliszewie, Z\u0142otnikach Ma\u0142ych, Kolonii Skarszewek, Kokaninie. Przy wsparciu funduszy unijnych pobudowano: chodniki i parkingi biegn\u0105ce od boiska sportowego Orlik\u00a0 w kierunku O\u015brodka Zdrowia, kompleks edukacyjno \u2013 rekreacyjny w Kokaninie, sie\u0107 kanalizacyjn\u0105 w miejscowo\u015bci \u017belazk\u00f3w, stacj\u0119 uzdatniania wody wraz ze studni\u0105 w Kokaninie, studni\u0119 g\u0142\u0119binow\u0105 na P\u00f3lku, przebudowano nawierzchni\u0119 plac\u00f3w przed Ochotniczymi Stra\u017cami Po\u017carnymi w Russowie i Skarszewie, wymieniono stolark\u0119 okienn\u0105 i drzwiow\u0105 w budynku Urz\u0119du Gminy.<\/p><\/div>\t\t\t\t\t\t<\/div>\n\t\t\t\t<\/div>\n\t\t\t\t\t<\/div>\n\t\t<\/div>\n\t\t\t\t\t\t\t<\/div>\n\t\t<\/section>\n\t\t\t\t\t\t\t<\/div>\n\t\t","protected":false},"excerpt":{"rendered":"<p>Po\u0142o\u017cenie i og\u00f3lna charakterystyka Gmina \u017belazk\u00f3w jest gmin\u0105 wiejsk\u0105 po\u0142o\u017con\u0105 w wojew\u00f3dztwie wielkopolskim, w powiecie kaliskim. Obszar gminy znajduje si\u0119 w \u015brodkowej cz\u0119\u015bci powiatu. Na p\u00f3\u0142nocy graniczy ze Stawiszynem i Mycielinem, na po\u0142udniowym wschodzie z Opat\u00f3wkiem i Ko\u017aminkiem, na po\u0142udniowym zachodzie z miastem Kaliszem, na wschodzie z Cekowem, natomiast na zachodzie z Blizanowem. Og\u00f3lna powierzchnia [&hellip;]<\/p>\n","protected":false},"author":1,"featured_media":0,"parent":0,"menu_order":0,"comment_status":"closed","ping_status":"closed","template":"","meta":{"footnotes":""},"folder":[],"_links":{"self":[{"href":"https:\/\/www.zelazkow.pl\/index.php?rest_route=\/wp\/v2\/pages\/6191"}],"collection":[{"href":"https:\/\/www.zelazkow.pl\/index.php?rest_route=\/wp\/v2\/pages"}],"about":[{"href":"https:\/\/www.zelazkow.pl\/index.php?rest_route=\/wp\/v2\/types\/page"}],"author":[{"embeddable":true,"href":"https:\/\/www.zelazkow.pl\/index.php?rest_route=\/wp\/v2\/users\/1"}],"replies":[{"embeddable":true,"href":"https:\/\/www.zelazkow.pl\/index.php?rest_route=%2Fwp%2Fv2%2Fcomments&post=6191"}],"version-history":[{"count":65,"href":"https:\/\/www.zelazkow.pl\/index.php?rest_route=\/wp\/v2\/pages\/6191\/revisions"}],"predecessor-version":[{"id":7248,"href":"https:\/\/www.zelazkow.pl\/index.php?rest_route=\/wp\/v2\/pages\/6191\/revisions\/7248"}],"wp:attachment":[{"href":"https:\/\/www.zelazkow.pl\/index.php?rest_route=%2Fwp%2Fv2%2Fmedia&parent=6191"}],"wp:term":[{"taxonomy":"folder","embeddable":true,"href":"https:\/\/www.zelazkow.pl\/index.php?rest_route=%2Fwp%2Fv2%2Ffolder&post=6191"}],"curies":[{"name":"wp","href":"https:\/\/api.w.org\/{rel}","templated":true}]}}