{"id":11371,"date":"2026-04-15T08:40:09","date_gmt":"2026-04-15T08:40:09","guid":{"rendered":"https:\/\/www.zelazkow.pl\/?page_id=11371"},"modified":"2026-04-15T08:41:43","modified_gmt":"2026-04-15T08:41:43","slug":"orkiestry-dete","status":"publish","type":"page","link":"https:\/\/www.zelazkow.pl\/?page_id=11371","title":{"rendered":"Orkiestry d\u0119te"},"content":{"rendered":"<p><span style=\"text-decoration: underline;\"><strong>Wiwat Orkiestra D\u0119ta i Ma\u017coretki \u017belazk\u00f3w<\/strong><\/span><br \/>\nKapelmistrz Marcin Nowotny<br \/>\nTel. 601 220 450<br \/>\nStowarzyszenie Wiwat Orkiestra D\u0119ta i Ma\u017coretki jest organizacj\u0105 kt\u00f3ra powsta\u0142a w 2018 r. w celu realizacji dzia\u0142alno\u015bci kulturalnej i edukacyjnej w zakresie muzyki orkiestrowej i ta\u0144ca\/parady marszowej.<\/p>\n<p><a href=\"https:\/\/www.zelazkow.pl\/?attachment_id=11372\" rel=\"attachment wp-att-11372\"><img fetchpriority=\"high\" decoding=\"async\" class=\"wp-image-11372 alignleft\" src=\"https:\/\/www.zelazkow.pl\/wp-content\/uploads\/2026\/04\/Wiwat-300x125.jpg\" alt=\"Wiwat\" width=\"422\" height=\"176\" srcset=\"https:\/\/www.zelazkow.pl\/wp-content\/uploads\/2026\/04\/Wiwat-300x125.jpg 300w, https:\/\/www.zelazkow.pl\/wp-content\/uploads\/2026\/04\/Wiwat-1024x426.jpg 1024w, https:\/\/www.zelazkow.pl\/wp-content\/uploads\/2026\/04\/Wiwat-768x320.jpg 768w, https:\/\/www.zelazkow.pl\/wp-content\/uploads\/2026\/04\/Wiwat-1536x639.jpg 1536w, https:\/\/www.zelazkow.pl\/wp-content\/uploads\/2026\/04\/Wiwat.jpg 2040w\" sizes=\"(max-width: 422px) 100vw, 422px\" \/><\/a><\/p>\n<p>&nbsp;<\/p>\n<p>&nbsp;<\/p>\n<p>&nbsp;<\/p>\n<p>&nbsp;<\/p>\n<p>&nbsp;<\/p>\n<hr \/>\n<p>&nbsp;<\/p>\n<p><span style=\"text-decoration: underline;\"><strong>Orkiestra d\u0119ta OSP Tykad\u0142\u00f3w<\/strong><\/span><br \/>\nKapelmistrz Jaros\u0142aw Kope\u0107<br \/>\nTel. 889 403 669<br \/>\nOrkiestra przyczynia si\u0119 do upowszechniania edukacji i kultury muzycznej, u\u015bwietnia uroczysto\u015bci lokalne, ko\u015bcielne i stra\u017cackie.<\/p>\n<p><a href=\"https:\/\/www.zelazkow.pl\/?attachment_id=11373\" rel=\"attachment wp-att-11373\"><img decoding=\"async\" class=\"wp-image-11373 alignnone\" src=\"https:\/\/www.zelazkow.pl\/wp-content\/uploads\/2026\/04\/OSP-Tykadlow-300x232.jpg\" alt=\"OSP Tykad\u0142\u00f3w\" width=\"347\" height=\"268\" srcset=\"https:\/\/www.zelazkow.pl\/wp-content\/uploads\/2026\/04\/OSP-Tykadlow-300x232.jpg 300w, https:\/\/www.zelazkow.pl\/wp-content\/uploads\/2026\/04\/OSP-Tykadlow-1024x791.jpg 1024w, https:\/\/www.zelazkow.pl\/wp-content\/uploads\/2026\/04\/OSP-Tykadlow-768x594.jpg 768w, https:\/\/www.zelazkow.pl\/wp-content\/uploads\/2026\/04\/OSP-Tykadlow.jpg 1184w\" sizes=\"(max-width: 347px) 100vw, 347px\" \/><\/a><\/p>\n","protected":false},"excerpt":{"rendered":"<p>Wiwat Orkiestra D\u0119ta i Ma\u017coretki \u017belazk\u00f3w Kapelmistrz Marcin Nowotny Tel. 601 220 450 Stowarzyszenie Wiwat Orkiestra D\u0119ta i Ma\u017coretki jest organizacj\u0105 kt\u00f3ra powsta\u0142a w 2018 r. w celu realizacji dzia\u0142alno\u015bci kulturalnej i edukacyjnej w zakresie muzyki orkiestrowej i ta\u0144ca\/parady marszowej. &nbsp; &nbsp; &nbsp; &nbsp; &nbsp; &nbsp; Orkiestra d\u0119ta OSP Tykad\u0142\u00f3w Kapelmistrz Jaros\u0142aw Kope\u0107 Tel. 889 [&hellip;]<\/p>\n","protected":false},"author":6,"featured_media":0,"parent":0,"menu_order":0,"comment_status":"closed","ping_status":"closed","template":"","meta":{"footnotes":""},"folder":[],"_links":{"self":[{"href":"https:\/\/www.zelazkow.pl\/index.php?rest_route=\/wp\/v2\/pages\/11371"}],"collection":[{"href":"https:\/\/www.zelazkow.pl\/index.php?rest_route=\/wp\/v2\/pages"}],"about":[{"href":"https:\/\/www.zelazkow.pl\/index.php?rest_route=\/wp\/v2\/types\/page"}],"author":[{"embeddable":true,"href":"https:\/\/www.zelazkow.pl\/index.php?rest_route=\/wp\/v2\/users\/6"}],"replies":[{"embeddable":true,"href":"https:\/\/www.zelazkow.pl\/index.php?rest_route=%2Fwp%2Fv2%2Fcomments&post=11371"}],"version-history":[{"count":4,"href":"https:\/\/www.zelazkow.pl\/index.php?rest_route=\/wp\/v2\/pages\/11371\/revisions"}],"predecessor-version":[{"id":11377,"href":"https:\/\/www.zelazkow.pl\/index.php?rest_route=\/wp\/v2\/pages\/11371\/revisions\/11377"}],"wp:attachment":[{"href":"https:\/\/www.zelazkow.pl\/index.php?rest_route=%2Fwp%2Fv2%2Fmedia&parent=11371"}],"wp:term":[{"taxonomy":"folder","embeddable":true,"href":"https:\/\/www.zelazkow.pl\/index.php?rest_route=%2Fwp%2Fv2%2Ffolder&post=11371"}],"curies":[{"name":"wp","href":"https:\/\/api.w.org\/{rel}","templated":true}]}}