{"id":11162,"date":"2026-01-21T10:47:31","date_gmt":"2026-01-21T10:47:31","guid":{"rendered":"https:\/\/www.zelazkow.pl\/?page_id=11162"},"modified":"2026-01-22T08:58:31","modified_gmt":"2026-01-22T08:58:31","slug":"klaster-energii","status":"publish","type":"page","link":"https:\/\/www.zelazkow.pl\/?page_id=11162","title":{"rendered":"Klaster Energii"},"content":{"rendered":"<h1>Klaster Energii Gmin Powiatu Kaliskiego<\/h1>\n<p>Utworzenie <strong>Klastra Energii Gmin Powiatu Kaliskiego<\/strong> ma na celu osi\u0105gni\u0119cie w jak najwi\u0119kszym stopniu efektu samowystarczalno\u015bci energetycznej wykorzystuj\u0105c lokalny potencja\u0142 na terenie Gminy i Miasta Stawiszyn, Gminy \u017belazk\u00f3w i Gminy Blizan\u00f3w.<\/p>\n<p><strong>Klaster zosta\u0142 za\u0142o\u017cony 28 sierpnia 2023 roku w Stawiszynie<\/strong> jako Klaster Energii Gmin Powiatu Kaliskiego. Celem Klastra Energii Gmin Powiatu Kaliskiego jest osi\u0105gni\u0119cie jak najwi\u0119kszej samowystarczalno\u015bci bilansowej w uj\u0119ciu rocznym.<\/p>\n<p>Jednostki samorz\u0105du terytorialnego w obliczu zmian na rynku energetycznym s\u0105 zdeterminowane do dzia\u0142a\u0144 w zakresie inwestycji w odnawialne \u017ar\u00f3d\u0142a energii. W\u0142adze gmin d\u0105\u017c\u0105 do rozwoju odnawialnych \u017ar\u00f3de\u0142 energii, chc\u0105c wspiera\u0107 rozw\u00f3j lokalny. Jednym z takich dzia\u0142a\u0144 jest utworzenie klastra energii jako platformy wsp\u00f3\u0142pracy biznesu z samorz\u0105dami. Wsp\u00f3\u0142tworz\u0105c niniejszy Klaster Energii gminy wpisuj\u0105 si\u0119 w rozw\u00f3j lokalnych spo\u0142eczno\u015bci energetycznych, kt\u00f3re zosta\u0142y zdefiniowane na gruncie unijnej dyrektywy RED II.<\/p>\n<p>Idea klastrowa ma r\u00f3wnie\u017c za zadanie w przypadku biznesu i samorz\u0105d\u00f3w doprowadzi\u0107 do zwi\u0119kszenia bezpiecze\u0144stwa energetycznego oraz przyczyni\u0107 si\u0119 do wi\u0119kszej przewidywalno\u015bci cen energii. <strong>W\u0142asne \u017ar\u00f3d\u0142a to w\u0142asna energia w ustalonej cenie<\/strong>. Jak najwi\u0119ksze uniezale\u017cnianie si\u0119 w przysz\u0142o\u015bci od energii z rynku pozwoli ustabilizowa\u0107 koszty operacyjne funkcjonowania gmin i biznesu. Wahania cen si\u0119gaj\u0105ce w post\u0119powaniach przetargowych cz\u0119sto przyczynia si\u0119, \u017ce wiele bud\u017cet\u00f3w zosta\u0142o zagro\u017conych.<\/p>\n<p>W ramach <strong>strategii Klastra Energii Gmin Powiatu Kaliskiego<\/strong> podkre\u015blamy nie tylko budow\u0119 w\u0142asnych \u017ar\u00f3de\u0142 i korzystanie z efektu symbiozy pomi\u0119dzy r\u00f3\u017cnymi \u017ar\u00f3d\u0142ami w celu bilansowania wszystkich punkt\u00f3w poboru i korzystania z faktu, \u017ce np. samorz\u0105dy, b\u0105d\u017a firmy, czy te\u017c osoby fizyczne nie b\u0119d\u0105 wykorzystywa\u0142y ca\u0142o\u015bci energii z w\u0142asnych \u017ar\u00f3de\u0142 w ramach profili dobowo \u2013 godzinowych. Podkre\u015blamy r\u00f3wnie\u017c konieczno\u015b\u0107 prowadzenia dzia\u0142a\u0144 w zakresie efektywno\u015bci energetycznej i wykorzystywania wszelkich form redukcji zapotrzebowania na energi\u0119 oraz pr\u00f3b wykorzystywania energii odpadowej. Tym wszystkim zajmowa\u0107 b\u0119dzie si\u0119 klaster. Jest to proces, a dzia\u0142ania obliczone s\u0105 na wiele lat, przy aktywnym monitorowaniu rynku energetycznego oraz pojawiaj\u0105cych si\u0119 mo\u017cliwo\u015bci.<\/p>\n<p>Dzia\u0142alno\u015b\u0107 Klastra Gmin Powiatu Kaliskiego do roku 2030 opisana jest w dokumencie pn.:Koncepcja Rozwoju Klastra Energii Gmin Powiatu Kaliskiego: \/<a href=\"https:\/\/www.zelazkow.pl\/wp-content\/uploads\/2026\/01\/Koncepcja_Klaster-Energii.pdf\">otw\u00f3rz<\/a>\/<\/p>\n<p>Projekt: \/<a href=\"https:\/\/www.zelazkow.pl\/wp-content\/uploads\/2026\/01\/Projekt-1.pdf\">otw\u00f3rz<\/a>\/<\/p>\n","protected":false},"excerpt":{"rendered":"<p>Klaster Energii Gmin Powiatu Kaliskiego Utworzenie Klastra Energii Gmin Powiatu Kaliskiego ma na celu osi\u0105gni\u0119cie w jak najwi\u0119kszym stopniu efektu samowystarczalno\u015bci energetycznej wykorzystuj\u0105c lokalny potencja\u0142 na terenie Gminy i Miasta Stawiszyn, Gminy \u017belazk\u00f3w i Gminy Blizan\u00f3w. Klaster zosta\u0142 za\u0142o\u017cony 28 sierpnia 2023 roku w Stawiszynie jako Klaster Energii Gmin Powiatu Kaliskiego. Celem Klastra Energii Gmin [&hellip;]<\/p>\n","protected":false},"author":6,"featured_media":0,"parent":0,"menu_order":0,"comment_status":"closed","ping_status":"closed","template":"","meta":{"footnotes":""},"folder":[],"_links":{"self":[{"href":"https:\/\/www.zelazkow.pl\/index.php?rest_route=\/wp\/v2\/pages\/11162"}],"collection":[{"href":"https:\/\/www.zelazkow.pl\/index.php?rest_route=\/wp\/v2\/pages"}],"about":[{"href":"https:\/\/www.zelazkow.pl\/index.php?rest_route=\/wp\/v2\/types\/page"}],"author":[{"embeddable":true,"href":"https:\/\/www.zelazkow.pl\/index.php?rest_route=\/wp\/v2\/users\/6"}],"replies":[{"embeddable":true,"href":"https:\/\/www.zelazkow.pl\/index.php?rest_route=%2Fwp%2Fv2%2Fcomments&post=11162"}],"version-history":[{"count":3,"href":"https:\/\/www.zelazkow.pl\/index.php?rest_route=\/wp\/v2\/pages\/11162\/revisions"}],"predecessor-version":[{"id":11168,"href":"https:\/\/www.zelazkow.pl\/index.php?rest_route=\/wp\/v2\/pages\/11162\/revisions\/11168"}],"wp:attachment":[{"href":"https:\/\/www.zelazkow.pl\/index.php?rest_route=%2Fwp%2Fv2%2Fmedia&parent=11162"}],"wp:term":[{"taxonomy":"folder","embeddable":true,"href":"https:\/\/www.zelazkow.pl\/index.php?rest_route=%2Fwp%2Fv2%2Ffolder&post=11162"}],"curies":[{"name":"wp","href":"https:\/\/api.w.org\/{rel}","templated":true}]}}